{"id":3136,"date":"2024-05-22T12:37:02","date_gmt":"2024-05-22T12:37:02","guid":{"rendered":"https:\/\/earth-flow.net\/sk\/?post_type=product&#038;p=3136"},"modified":"2026-01-02T11:44:22","modified_gmt":"2026-01-02T10:44:22","slug":"ozemljitvena-palica","status":"publish","type":"product","link":"https:\/\/earth-flow.net\/sk\/izdelek\/ozemljitvena-palica\/","title":{"rendered":"Ozemljitvena palica Earth Flow"},"content":{"rendered":"<p>Ozemljitveno palico uporabite, \u010de se \u017eelite ozemljiti direktno preko Zemlje (ne preko ozemljene vti\u010dnice). Torej kabel napeljete skozi okno ven, in palico zapi\u010dite direktno v Zemljo zraven hi\u0161e\/stavbe.<\/p>\n<p>Dol\u017eina kabla: 12 metrov.<\/p>\n","protected":false},"excerpt":{"rendered":"<p>Ozemljitveno palico uporabite, \u010de se \u017eelite ozemljiti direktno preko Zemlje (ne preko ozemljene vti\u010dnice). Torej kabel napeljete skozi okno ven, in palico zapi\u010dite direktno v Zemljo zraven hi\u0161e\/stavbe. Dol\u017eina kabla: 12 metrov.<\/p>\n","protected":false},"featured_media":3137,"template":"","meta":[],"product_brand":[],"product_cat":[49],"product_tag":[],"class_list":{"0":"post-3136","1":"product","2":"type-product","3":"status-publish","4":"has-post-thumbnail","6":"product_cat-ozemljitveni-dodatki","8":"first","9":"instock","10":"taxable","11":"shipping-taxable","12":"purchasable","13":"product-type-simple"},"yoast_head":"<!-- This site is optimized with the Yoast SEO plugin v27.4 - https:\/\/yoast.com\/product\/yoast-seo-wordpress\/ -->\n<title>Ozemljitvena palica Earth Flow - Earth Flow \u2013 Uzem\u0148ovacie produkty na op\u00e4tovn\u00e9 spojenie s energiou Zeme.<\/title>\n<meta name=\"robots\" content=\"index, follow, max-snippet:-1, max-image-preview:large, max-video-preview:-1\" \/>\n<link rel=\"canonical\" href=\"https:\/\/earth-flow.net\/sk\/izdelek\/ozemljitvena-palica\/\" \/>\n<meta property=\"og:locale\" content=\"sk_SK\" \/>\n<meta property=\"og:type\" content=\"article\" \/>\n<meta property=\"og:title\" content=\"Ozemljitvena palica Earth Flow - Earth Flow \u2013 Uzem\u0148ovacie produkty na op\u00e4tovn\u00e9 spojenie s energiou Zeme.\" \/>\n<meta property=\"og:description\" content=\"Ozemljitveno palico uporabite, \u010de se \u017eelite ozemljiti direktno preko Zemlje (ne preko ozemljene vti\u010dnice). Torej kabel napeljete skozi okno ven, in palico zapi\u010dite direktno v Zemljo zraven hi\u0161e\/stavbe. Dol\u017eina kabla: 12 metrov.\" \/>\n<meta property=\"og:url\" content=\"https:\/\/earth-flow.net\/sk\/izdelek\/ozemljitvena-palica\/\" \/>\n<meta property=\"og:site_name\" content=\"Earth Flow \u2013 Uzem\u0148ovacie produkty na op\u00e4tovn\u00e9 spojenie s energiou Zeme.\" \/>\n<meta property=\"article:modified_time\" content=\"2026-01-02T10:44:22+00:00\" \/>\n<meta property=\"og:image\" content=\"https:\/\/earth-flow.net\/sk\/wp-content\/uploads\/2024\/05\/Ozemljitvena-palica-Earth-Flow.jpg\" \/>\n\t<meta property=\"og:image:width\" content=\"1500\" \/>\n\t<meta property=\"og:image:height\" content=\"1500\" \/>\n\t<meta property=\"og:image:type\" content=\"image\/jpeg\" \/>\n<meta name=\"twitter:card\" content=\"summary_large_image\" \/>\n<meta name=\"twitter:label1\" content=\"Predpokladan\u00fd \u010das \u010d\u00edtania\" \/>\n\t<meta name=\"twitter:data1\" content=\"1 min\u00fata\" \/>\n<script type=\"application\/ld+json\" class=\"yoast-schema-graph\">{\"@context\":\"https:\\\/\\\/schema.org\",\"@graph\":[{\"@type\":\"WebPage\",\"@id\":\"https:\\\/\\\/earth-flow.net\\\/sk\\\/izdelek\\\/ozemljitvena-palica\\\/\",\"url\":\"https:\\\/\\\/earth-flow.net\\\/sk\\\/izdelek\\\/ozemljitvena-palica\\\/\",\"name\":\"Ozemljitvena palica Earth Flow - Earth Flow \u2013 Uzem\u0148ovacie produkty na op\u00e4tovn\u00e9 spojenie s energiou Zeme.\",\"isPartOf\":{\"@id\":\"https:\\\/\\\/earth-flow.net\\\/sk\\\/#website\"},\"primaryImageOfPage\":{\"@id\":\"https:\\\/\\\/earth-flow.net\\\/sk\\\/izdelek\\\/ozemljitvena-palica\\\/#primaryimage\"},\"image\":{\"@id\":\"https:\\\/\\\/earth-flow.net\\\/sk\\\/izdelek\\\/ozemljitvena-palica\\\/#primaryimage\"},\"thumbnailUrl\":\"https:\\\/\\\/earth-flow.net\\\/sk\\\/wp-content\\\/uploads\\\/2024\\\/05\\\/Ozemljitvena-palica-Earth-Flow.jpg\",\"datePublished\":\"2024-05-22T12:37:02+00:00\",\"dateModified\":\"2026-01-02T10:44:22+00:00\",\"breadcrumb\":{\"@id\":\"https:\\\/\\\/earth-flow.net\\\/sk\\\/izdelek\\\/ozemljitvena-palica\\\/#breadcrumb\"},\"inLanguage\":\"sk-SK\",\"potentialAction\":[{\"@type\":\"ReadAction\",\"target\":[\"https:\\\/\\\/earth-flow.net\\\/sk\\\/izdelek\\\/ozemljitvena-palica\\\/\"]}]},{\"@type\":\"ImageObject\",\"inLanguage\":\"sk-SK\",\"@id\":\"https:\\\/\\\/earth-flow.net\\\/sk\\\/izdelek\\\/ozemljitvena-palica\\\/#primaryimage\",\"url\":\"https:\\\/\\\/earth-flow.net\\\/sk\\\/wp-content\\\/uploads\\\/2024\\\/05\\\/Ozemljitvena-palica-Earth-Flow.jpg\",\"contentUrl\":\"https:\\\/\\\/earth-flow.net\\\/sk\\\/wp-content\\\/uploads\\\/2024\\\/05\\\/Ozemljitvena-palica-Earth-Flow.jpg\",\"width\":1500,\"height\":1500,\"caption\":\"Ozemljitvena palica Earth Flow\"},{\"@type\":\"BreadcrumbList\",\"@id\":\"https:\\\/\\\/earth-flow.net\\\/sk\\\/izdelek\\\/ozemljitvena-palica\\\/#breadcrumb\",\"itemListElement\":[{\"@type\":\"ListItem\",\"position\":1,\"name\":\"Home\",\"item\":\"https:\\\/\\\/earth-flow.net\\\/sk\\\/\"},{\"@type\":\"ListItem\",\"position\":2,\"name\":\"Trgovina\",\"item\":\"https:\\\/\\\/earth-flow.net\\\/sk\\\/trgovina\\\/\"},{\"@type\":\"ListItem\",\"position\":3,\"name\":\"Ozemljitvena palica Earth Flow\"}]},{\"@type\":\"WebSite\",\"@id\":\"https:\\\/\\\/earth-flow.net\\\/sk\\\/#website\",\"url\":\"https:\\\/\\\/earth-flow.net\\\/sk\\\/\",\"name\":\"Earth Flow \u2013 Uzem\u0148ovacie produkty na op\u00e4tovn\u00e9 spojenie s energiou Zeme.\",\"description\":\"Uzem\u0148ovacie pom\u00f4cky na op\u00e4tovn\u00e9 spojenie \u013eudstva s energiou Zeme.\",\"publisher\":{\"@id\":\"https:\\\/\\\/earth-flow.net\\\/sk\\\/#organization\"},\"potentialAction\":[{\"@type\":\"SearchAction\",\"target\":{\"@type\":\"EntryPoint\",\"urlTemplate\":\"https:\\\/\\\/earth-flow.net\\\/sk\\\/?s={search_term_string}\"},\"query-input\":{\"@type\":\"PropertyValueSpecification\",\"valueRequired\":true,\"valueName\":\"search_term_string\"}}],\"inLanguage\":\"sk-SK\"},{\"@type\":\"Organization\",\"@id\":\"https:\\\/\\\/earth-flow.net\\\/sk\\\/#organization\",\"name\":\"Earth Flow \u2013 Uzem\u0148ovacie produkty na op\u00e4tovn\u00e9 spojenie s energiou Zeme.\",\"url\":\"https:\\\/\\\/earth-flow.net\\\/sk\\\/\",\"logo\":{\"@type\":\"ImageObject\",\"inLanguage\":\"sk-SK\",\"@id\":\"https:\\\/\\\/earth-flow.net\\\/sk\\\/#\\\/schema\\\/logo\\\/image\\\/\",\"url\":\"https:\\\/\\\/earth-flow.net\\\/sk\\\/wp-content\\\/uploads\\\/2021\\\/04\\\/Earth-Flow_logo-lez\u030cec\u030ci-1_700px.png\",\"contentUrl\":\"https:\\\/\\\/earth-flow.net\\\/sk\\\/wp-content\\\/uploads\\\/2021\\\/04\\\/Earth-Flow_logo-lez\u030cec\u030ci-1_700px.png\",\"width\":700,\"height\":152,\"caption\":\"Earth Flow \u2013 Uzem\u0148ovacie produkty na op\u00e4tovn\u00e9 spojenie s energiou Zeme.\"},\"image\":{\"@id\":\"https:\\\/\\\/earth-flow.net\\\/sk\\\/#\\\/schema\\\/logo\\\/image\\\/\"}}]}<\/script>\n<!-- \/ Yoast SEO plugin. -->","yoast_head_json":{"title":"Ozemljitvena palica Earth Flow - Earth Flow \u2013 Uzem\u0148ovacie produkty na op\u00e4tovn\u00e9 spojenie s energiou Zeme.","robots":{"index":"index","follow":"follow","max-snippet":"max-snippet:-1","max-image-preview":"max-image-preview:large","max-video-preview":"max-video-preview:-1"},"canonical":"https:\/\/earth-flow.net\/sk\/izdelek\/ozemljitvena-palica\/","og_locale":"sk_SK","og_type":"article","og_title":"Ozemljitvena palica Earth Flow - Earth Flow \u2013 Uzem\u0148ovacie produkty na op\u00e4tovn\u00e9 spojenie s energiou Zeme.","og_description":"Ozemljitveno palico uporabite, \u010de se \u017eelite ozemljiti direktno preko Zemlje (ne preko ozemljene vti\u010dnice). Torej kabel napeljete skozi okno ven, in palico zapi\u010dite direktno v Zemljo zraven hi\u0161e\/stavbe. Dol\u017eina kabla: 12 metrov.","og_url":"https:\/\/earth-flow.net\/sk\/izdelek\/ozemljitvena-palica\/","og_site_name":"Earth Flow \u2013 Uzem\u0148ovacie produkty na op\u00e4tovn\u00e9 spojenie s energiou Zeme.","article_modified_time":"2026-01-02T10:44:22+00:00","og_image":[{"width":1500,"height":1500,"url":"https:\/\/earth-flow.net\/sk\/wp-content\/uploads\/2024\/05\/Ozemljitvena-palica-Earth-Flow.jpg","type":"image\/jpeg"}],"twitter_card":"summary_large_image","twitter_misc":{"Predpokladan\u00fd \u010das \u010d\u00edtania":"1 min\u00fata"},"schema":{"@context":"https:\/\/schema.org","@graph":[{"@type":"WebPage","@id":"https:\/\/earth-flow.net\/sk\/izdelek\/ozemljitvena-palica\/","url":"https:\/\/earth-flow.net\/sk\/izdelek\/ozemljitvena-palica\/","name":"Ozemljitvena palica Earth Flow - Earth Flow \u2013 Uzem\u0148ovacie produkty na op\u00e4tovn\u00e9 spojenie s energiou Zeme.","isPartOf":{"@id":"https:\/\/earth-flow.net\/sk\/#website"},"primaryImageOfPage":{"@id":"https:\/\/earth-flow.net\/sk\/izdelek\/ozemljitvena-palica\/#primaryimage"},"image":{"@id":"https:\/\/earth-flow.net\/sk\/izdelek\/ozemljitvena-palica\/#primaryimage"},"thumbnailUrl":"https:\/\/earth-flow.net\/sk\/wp-content\/uploads\/2024\/05\/Ozemljitvena-palica-Earth-Flow.jpg","datePublished":"2024-05-22T12:37:02+00:00","dateModified":"2026-01-02T10:44:22+00:00","breadcrumb":{"@id":"https:\/\/earth-flow.net\/sk\/izdelek\/ozemljitvena-palica\/#breadcrumb"},"inLanguage":"sk-SK","potentialAction":[{"@type":"ReadAction","target":["https:\/\/earth-flow.net\/sk\/izdelek\/ozemljitvena-palica\/"]}]},{"@type":"ImageObject","inLanguage":"sk-SK","@id":"https:\/\/earth-flow.net\/sk\/izdelek\/ozemljitvena-palica\/#primaryimage","url":"https:\/\/earth-flow.net\/sk\/wp-content\/uploads\/2024\/05\/Ozemljitvena-palica-Earth-Flow.jpg","contentUrl":"https:\/\/earth-flow.net\/sk\/wp-content\/uploads\/2024\/05\/Ozemljitvena-palica-Earth-Flow.jpg","width":1500,"height":1500,"caption":"Ozemljitvena palica Earth Flow"},{"@type":"BreadcrumbList","@id":"https:\/\/earth-flow.net\/sk\/izdelek\/ozemljitvena-palica\/#breadcrumb","itemListElement":[{"@type":"ListItem","position":1,"name":"Home","item":"https:\/\/earth-flow.net\/sk\/"},{"@type":"ListItem","position":2,"name":"Trgovina","item":"https:\/\/earth-flow.net\/sk\/trgovina\/"},{"@type":"ListItem","position":3,"name":"Ozemljitvena palica Earth Flow"}]},{"@type":"WebSite","@id":"https:\/\/earth-flow.net\/sk\/#website","url":"https:\/\/earth-flow.net\/sk\/","name":"Earth Flow \u2013 Uzem\u0148ovacie produkty na op\u00e4tovn\u00e9 spojenie s energiou Zeme.","description":"Uzem\u0148ovacie pom\u00f4cky na op\u00e4tovn\u00e9 spojenie \u013eudstva s energiou Zeme.","publisher":{"@id":"https:\/\/earth-flow.net\/sk\/#organization"},"potentialAction":[{"@type":"SearchAction","target":{"@type":"EntryPoint","urlTemplate":"https:\/\/earth-flow.net\/sk\/?s={search_term_string}"},"query-input":{"@type":"PropertyValueSpecification","valueRequired":true,"valueName":"search_term_string"}}],"inLanguage":"sk-SK"},{"@type":"Organization","@id":"https:\/\/earth-flow.net\/sk\/#organization","name":"Earth Flow \u2013 Uzem\u0148ovacie produkty na op\u00e4tovn\u00e9 spojenie s energiou Zeme.","url":"https:\/\/earth-flow.net\/sk\/","logo":{"@type":"ImageObject","inLanguage":"sk-SK","@id":"https:\/\/earth-flow.net\/sk\/#\/schema\/logo\/image\/","url":"https:\/\/earth-flow.net\/sk\/wp-content\/uploads\/2021\/04\/Earth-Flow_logo-lez\u030cec\u030ci-1_700px.png","contentUrl":"https:\/\/earth-flow.net\/sk\/wp-content\/uploads\/2021\/04\/Earth-Flow_logo-lez\u030cec\u030ci-1_700px.png","width":700,"height":152,"caption":"Earth Flow \u2013 Uzem\u0148ovacie produkty na op\u00e4tovn\u00e9 spojenie s energiou Zeme."},"image":{"@id":"https:\/\/earth-flow.net\/sk\/#\/schema\/logo\/image\/"}}]}},"_links":{"self":[{"href":"https:\/\/earth-flow.net\/sk\/wp-json\/wp\/v2\/product\/3136","targetHints":{"allow":["GET"]}}],"collection":[{"href":"https:\/\/earth-flow.net\/sk\/wp-json\/wp\/v2\/product"}],"about":[{"href":"https:\/\/earth-flow.net\/sk\/wp-json\/wp\/v2\/types\/product"}],"version-history":[{"count":0,"href":"https:\/\/earth-flow.net\/sk\/wp-json\/wp\/v2\/product\/3136\/revisions"}],"wp:featuredmedia":[{"embeddable":true,"href":"https:\/\/earth-flow.net\/sk\/wp-json\/wp\/v2\/media\/3137"}],"wp:attachment":[{"href":"https:\/\/earth-flow.net\/sk\/wp-json\/wp\/v2\/media?parent=3136"}],"wp:term":[{"taxonomy":"product_brand","embeddable":true,"href":"https:\/\/earth-flow.net\/sk\/wp-json\/wp\/v2\/product_brand?post=3136"},{"taxonomy":"product_cat","embeddable":true,"href":"https:\/\/earth-flow.net\/sk\/wp-json\/wp\/v2\/product_cat?post=3136"},{"taxonomy":"product_tag","embeddable":true,"href":"https:\/\/earth-flow.net\/sk\/wp-json\/wp\/v2\/product_tag?post=3136"}],"curies":[{"name":"wp","href":"https:\/\/api.w.org\/{rel}","templated":true}]}}