{"id":4057,"date":"2025-05-18T21:51:34","date_gmt":"2025-05-18T21:51:34","guid":{"rendered":"https:\/\/earth-flow.net\/ro\/?page_id=4057"},"modified":"2025-05-19T14:15:25","modified_gmt":"2025-05-19T14:15:25","slug":"zahvale-strank","status":"publish","type":"page","link":"https:\/\/earth-flow.net\/ro\/zahvale-strank\/","title":{"rendered":"Zahvale strank"},"content":{"rendered":"\t\t<div data-elementor-type=\"wp-page\" data-elementor-id=\"4057\" class=\"elementor elementor-4057\" data-elementor-post-type=\"page\">\n\t\t\t\t<div class=\"elementor-element elementor-element-938c261 e-flex e-con-boxed e-con e-parent\" data-id=\"938c261\" data-element_type=\"container\" data-e-type=\"container\">\n\t\t\t\t\t<div class=\"e-con-inner\">\n\t\t\t\t<div class=\"elementor-element elementor-element-6dbb7e8 elementor-widget elementor-widget-heading\" data-id=\"6dbb7e8\" data-element_type=\"widget\" data-e-type=\"widget\" data-widget_type=\"heading.default\">\n\t\t\t\t<div class=\"elementor-widget-container\">\n\t\t\t\t\t<h2 class=\"elementor-heading-title elementor-size-default\">Zahvale in mnenja na\u0161ih strank<\/h2>\t\t\t\t<\/div>\n\t\t\t\t<\/div>\n\t\t\t\t<div class=\"elementor-element elementor-element-4597ef2 elementor-widget elementor-widget-text-editor\" data-id=\"4597ef2\" data-element_type=\"widget\" data-e-type=\"widget\" data-widget_type=\"text-editor.default\">\n\t\t\t\t<div class=\"elementor-widget-container\">\n\t\t\t\t\t\t\t\t\t<p><b>V Earth Flow nas navdihuje vsaka zgodba<\/b>, ki jo z nami delijo na\u0161i <b>uporabniki<\/b>. Hvale\u017eni smo za zaupanje, podporo in izjemne povratne informacije.\u00a0<\/p><p><b>Spodaj si lahko preberete resni\u010dne izku\u0161nje ljudi,<\/b> ki uporabljajo ozemljitvene rjuhe in podloge Earth Flow \u2013 od globljega spanca, manj bole\u010din do ve\u010d notranjega miru.<\/p><p>Naj vam njihova iskrena mnenja <b>pomagajo pri va\u0161i odlo\u010ditvi.<\/b><\/p>\t\t\t\t\t\t\t\t<\/div>\n\t\t\t\t<\/div>\n\t\t\t\t\t<\/div>\n\t\t\t\t<\/div>\n\t\t<div class=\"elementor-element elementor-element-abbe597 e-flex e-con-boxed e-con e-parent\" data-id=\"abbe597\" data-element_type=\"container\" data-e-type=\"container\" data-settings=\"{&quot;background_background&quot;:&quot;classic&quot;}\">\n\t\t\t\t\t<div class=\"e-con-inner\">\n\t\t\t\t<div class=\"elementor-element elementor-element-9b68412 elementor-widget elementor-widget-text-editor\" data-id=\"9b68412\" data-element_type=\"widget\" data-e-type=\"widget\" data-widget_type=\"text-editor.default\">\n\t\t\t\t<div class=\"elementor-widget-container\">\n\t\t\t\t\t\t\t\t\t<ol>\n<li><em>Sem zelo zadovoljen<\/em><\/li>\n<li><em>Mislim, da se v spanju bolj umirim, posledi\u010dno hitreje zaznam stresne situacije.<\/em><\/li>\n<li><em>Bolj sem prizemljena (kajti sem z tem imela \u017ee od malih nog te\u017eave) in spanec je bolj\u0161i tudi vnetje v telesu se je zmanj\u0161alo. Hvala vam \u0161e enkrat <img decoding=\"async\" class=\"emoji\" role=\"img\" draggable=\"false\" src=\"https:\/\/s.w.org\/images\/core\/emoji\/15.1.0\/svg\/1f601.svg\" alt=\"\ud83d\ude01\"><\/em><\/li>\n<li><em>Spo\u010dijem se v spalnici<\/em><\/li>\n<li><em>Ozemljitveno rjuho uporabljam ves \u010das od nakupa &#8211; kmalu bo \u017ee 1 leto. Od takrat dalje se skoraj nikoli ne zbudim pono\u010di, v sebi \u010dutim ve\u010dji mir.<\/em><\/li>\n<li><em>Bolj trdno spim<\/em><\/li>\n<li><em style=\"background-color: transparent;\">bolj\u0161i spanec, zjutraj se zbudim spo\u010dita<\/em><\/li>\n<li><em>Odkar imam ozemljitveno rjuho bolj\u0161e spim.<\/em><\/li>\n<li><em>Ni\u010d ve\u010d ne =tresem= ljudi, ki se rokujejo z menoj.<\/em><\/li>\n<li><em>Zadeva deluje, spanec se je izbolj\u0161al. Hvala, Nejc.<\/em><\/li>\n<li><em>Po kraj\u0161em \u010dasu uporabe ozemljitvene rjuhe opa\u017eam bolj\u0161i spanec. Ne zbujam se tako pogosto kot prej.<\/em><\/li>\n<li><em>Zelo dobro spim.<\/em><\/li>\n<li><em>Odkar jo uporabljam se mi zdi, da sem zjutraj bolj spo\u010dit.<\/em><\/li>\n<li><em>Krep\u010dilni spanec brez prebujanja.<\/em><\/li>\n<li><em>Bolj\u0161e spanje.<\/em><\/li>\n<li><em>Veliko bolj mirno spim.<\/em><\/li>\n<li><em>Zbudim se bolj naspana oz. spo\u010dita in mirna.<\/em><\/li>\n<li><em>Bolj\u0161i spanec in brez bole\u010dine v kolenu<\/em><\/li>\n<li><em>Ve\u010d energije, sem bolj umirjena<\/em><\/li>\n<li><em>Spim veliko bolje in veliko bolj trdno celo no\u010d. Imam druga\u010dne sanje, kot sem jih imela prej. Bolj se naspim in se zbudim spo\u010dita, \u010detudi \u017ee ob 5h ali 6h zjutraj. Hvale\u017ena sem, da sem se odlo\u010dila za nakup pri vas.<\/em><\/li>\n<li><em>Z uporabo ozemljitvene rjuhe Earth flow sem zelo zadovoljna. Obcasno imam tezave z nespe\u010dnostjo katere so se ob uporabi te rjuhe zmanjsale-bolje spim. Na dolocenih predelih telesa kjer sem imela neprijetne bolecine so te zdaj prisotne v ob\u010dutno manj\u0161i meri.<\/em><\/li>\n<li><em>Spim bolj trdno. Zjutraj, ko se zbudim, sem manj utrujena.<\/em><\/li>\n<li><em>Moj spanec je globok in spro\u0161\u010duko\u010d.<\/em><\/li>\n<li><em>bolj\u0161e spanje in po\u010dutje<\/em><\/li>\n<li><em>Deluje zagotovo&#8230;imam pa idejo&#8230;naredite \u0161e \u010devlje&#8230;\u010de jih naredite pa prosim za en par<\/em><\/li>\n<li><em>Bolje spim in manj bole\u010din imam. Resni\u010dno dobro deluje. Hvala za va\u0161 izdelek<\/em><\/li>\n<li><em>Bolj\u0161i spanec,spo\u010dita<\/em><\/li>\n<li><em>Uporabljam jo, ker imam te\u017eave s hrbtenico (vnetje hrbteni\u010dnih vretenc). Ker mi gre po\u010dasi na bolje, pripisujem to deloma tudi ozemljitveni rjuhi.<\/em><\/li>\n<\/ol>\t\t\t\t\t\t\t\t<\/div>\n\t\t\t\t<\/div>\n\t\t\t\t\t<\/div>\n\t\t\t\t<\/div>\n\t\t\t\t<\/div>\n\t\t","protected":false},"excerpt":{"rendered":"<p>Zahvale in mnenja na\u0161ih strank V Earth Flow nas navdihuje vsaka zgodba, ki jo z nami delijo na\u0161i uporabniki. Hvale\u017eni smo za zaupanje, podporo in izjemne povratne informacije.\u00a0 Spodaj si lahko preberete resni\u010dne izku\u0161nje ljudi, ki uporabljajo ozemljitvene rjuhe in podloge Earth Flow \u2013 od globljega spanca, manj bole\u010din do ve\u010d notranjega miru. Naj vam [&hellip;]<\/p>\n","protected":false},"author":1,"featured_media":0,"parent":0,"menu_order":0,"comment_status":"closed","ping_status":"closed","template":"","meta":{"footnotes":""},"class_list":["post-4057","page","type-page","status-publish","hentry"],"yoast_head":"<!-- This site is optimized with the Yoast SEO plugin v27.4 - https:\/\/yoast.com\/product\/yoast-seo-wordpress\/ -->\n<title>Zahvale strank - Earth Flow \u2013 Produse de \u00eemp\u0103m\u00e2ntare pentru reconectarea cu energia P\u0103m\u00e2ntului.<\/title>\n<meta name=\"robots\" content=\"index, follow, max-snippet:-1, max-image-preview:large, max-video-preview:-1\" \/>\n<link rel=\"canonical\" href=\"https:\/\/earth-flow.net\/ro\/zahvale-strank\/\" \/>\n<meta property=\"og:locale\" content=\"ro_RO\" \/>\n<meta property=\"og:type\" content=\"article\" \/>\n<meta property=\"og:title\" content=\"Zahvale strank - Earth Flow \u2013 Produse de \u00eemp\u0103m\u00e2ntare pentru reconectarea cu energia P\u0103m\u00e2ntului.\" \/>\n<meta property=\"og:description\" content=\"Zahvale in mnenja na\u0161ih strank V Earth Flow nas navdihuje vsaka zgodba, ki jo z nami delijo na\u0161i uporabniki. Hvale\u017eni smo za zaupanje, podporo in izjemne povratne informacije.\u00a0 Spodaj si lahko preberete resni\u010dne izku\u0161nje ljudi, ki uporabljajo ozemljitvene rjuhe in podloge Earth Flow \u2013 od globljega spanca, manj bole\u010din do ve\u010d notranjega miru. Naj vam [&hellip;]\" \/>\n<meta property=\"og:url\" content=\"https:\/\/earth-flow.net\/ro\/zahvale-strank\/\" \/>\n<meta property=\"og:site_name\" content=\"Earth Flow \u2013 Produse de \u00eemp\u0103m\u00e2ntare pentru reconectarea cu energia P\u0103m\u00e2ntului.\" \/>\n<meta property=\"article:modified_time\" content=\"2025-05-19T14:15:25+00:00\" \/>\n<meta property=\"og:image\" content=\"https:\/\/s.w.org\/images\/core\/emoji\/15.1.0\/svg\/1f601.svg\" \/>\n<meta name=\"twitter:card\" content=\"summary_large_image\" \/>\n<meta name=\"twitter:label1\" content=\"Timp estimat pentru citire\" \/>\n\t<meta name=\"twitter:data1\" content=\"3 minute\" \/>\n<script type=\"application\/ld+json\" class=\"yoast-schema-graph\">{\"@context\":\"https:\\\/\\\/schema.org\",\"@graph\":[{\"@type\":\"WebPage\",\"@id\":\"https:\\\/\\\/earth-flow.net\\\/ro\\\/zahvale-strank\\\/\",\"url\":\"https:\\\/\\\/earth-flow.net\\\/ro\\\/zahvale-strank\\\/\",\"name\":\"Zahvale strank - Earth Flow \u2013 Produse de \u00eemp\u0103m\u00e2ntare pentru reconectarea cu energia P\u0103m\u00e2ntului.\",\"isPartOf\":{\"@id\":\"https:\\\/\\\/earth-flow.net\\\/ro\\\/#website\"},\"primaryImageOfPage\":{\"@id\":\"https:\\\/\\\/earth-flow.net\\\/ro\\\/zahvale-strank\\\/#primaryimage\"},\"image\":{\"@id\":\"https:\\\/\\\/earth-flow.net\\\/ro\\\/zahvale-strank\\\/#primaryimage\"},\"thumbnailUrl\":\"https:\\\/\\\/s.w.org\\\/images\\\/core\\\/emoji\\\/15.1.0\\\/svg\\\/1f601.svg\",\"datePublished\":\"2025-05-18T21:51:34+00:00\",\"dateModified\":\"2025-05-19T14:15:25+00:00\",\"breadcrumb\":{\"@id\":\"https:\\\/\\\/earth-flow.net\\\/ro\\\/zahvale-strank\\\/#breadcrumb\"},\"inLanguage\":\"ro-RO\",\"potentialAction\":[{\"@type\":\"ReadAction\",\"target\":[\"https:\\\/\\\/earth-flow.net\\\/ro\\\/zahvale-strank\\\/\"]}]},{\"@type\":\"ImageObject\",\"inLanguage\":\"ro-RO\",\"@id\":\"https:\\\/\\\/earth-flow.net\\\/ro\\\/zahvale-strank\\\/#primaryimage\",\"url\":\"https:\\\/\\\/s.w.org\\\/images\\\/core\\\/emoji\\\/15.1.0\\\/svg\\\/1f601.svg\",\"contentUrl\":\"https:\\\/\\\/s.w.org\\\/images\\\/core\\\/emoji\\\/15.1.0\\\/svg\\\/1f601.svg\"},{\"@type\":\"BreadcrumbList\",\"@id\":\"https:\\\/\\\/earth-flow.net\\\/ro\\\/zahvale-strank\\\/#breadcrumb\",\"itemListElement\":[{\"@type\":\"ListItem\",\"position\":1,\"name\":\"Home\",\"item\":\"https:\\\/\\\/earth-flow.net\\\/ro\\\/\"},{\"@type\":\"ListItem\",\"position\":2,\"name\":\"Zahvale strank\"}]},{\"@type\":\"WebSite\",\"@id\":\"https:\\\/\\\/earth-flow.net\\\/ro\\\/#website\",\"url\":\"https:\\\/\\\/earth-flow.net\\\/ro\\\/\",\"name\":\"Earth Flow \u2013 Produse de \u00eemp\u0103m\u00e2ntare pentru reconectarea cu energia P\u0103m\u00e2ntului.\",\"description\":\"Produse de \u00eemp\u0103m\u00e2ntare pentru reconectarea omenirii cu energia P\u0103m\u00e2ntului.\",\"publisher\":{\"@id\":\"https:\\\/\\\/earth-flow.net\\\/ro\\\/#organization\"},\"potentialAction\":[{\"@type\":\"SearchAction\",\"target\":{\"@type\":\"EntryPoint\",\"urlTemplate\":\"https:\\\/\\\/earth-flow.net\\\/ro\\\/?s={search_term_string}\"},\"query-input\":{\"@type\":\"PropertyValueSpecification\",\"valueRequired\":true,\"valueName\":\"search_term_string\"}}],\"inLanguage\":\"ro-RO\"},{\"@type\":\"Organization\",\"@id\":\"https:\\\/\\\/earth-flow.net\\\/ro\\\/#organization\",\"name\":\"Earth Flow \u2013 Produse de \u00eemp\u0103m\u00e2ntare pentru reconectarea cu energia P\u0103m\u00e2ntului.\",\"url\":\"https:\\\/\\\/earth-flow.net\\\/ro\\\/\",\"logo\":{\"@type\":\"ImageObject\",\"inLanguage\":\"ro-RO\",\"@id\":\"https:\\\/\\\/earth-flow.net\\\/ro\\\/#\\\/schema\\\/logo\\\/image\\\/\",\"url\":\"https:\\\/\\\/earth-flow.net\\\/ro\\\/wp-content\\\/uploads\\\/2021\\\/04\\\/Earth-Flow_logo-lez\u030cec\u030ci-1_700px.png\",\"contentUrl\":\"https:\\\/\\\/earth-flow.net\\\/ro\\\/wp-content\\\/uploads\\\/2021\\\/04\\\/Earth-Flow_logo-lez\u030cec\u030ci-1_700px.png\",\"width\":700,\"height\":152,\"caption\":\"Earth Flow \u2013 Produse de \u00eemp\u0103m\u00e2ntare pentru reconectarea cu energia P\u0103m\u00e2ntului.\"},\"image\":{\"@id\":\"https:\\\/\\\/earth-flow.net\\\/ro\\\/#\\\/schema\\\/logo\\\/image\\\/\"}}]}<\/script>\n<!-- \/ Yoast SEO plugin. -->","yoast_head_json":{"title":"Zahvale strank - Earth Flow \u2013 Produse de \u00eemp\u0103m\u00e2ntare pentru reconectarea cu energia P\u0103m\u00e2ntului.","robots":{"index":"index","follow":"follow","max-snippet":"max-snippet:-1","max-image-preview":"max-image-preview:large","max-video-preview":"max-video-preview:-1"},"canonical":"https:\/\/earth-flow.net\/ro\/zahvale-strank\/","og_locale":"ro_RO","og_type":"article","og_title":"Zahvale strank - Earth Flow \u2013 Produse de \u00eemp\u0103m\u00e2ntare pentru reconectarea cu energia P\u0103m\u00e2ntului.","og_description":"Zahvale in mnenja na\u0161ih strank V Earth Flow nas navdihuje vsaka zgodba, ki jo z nami delijo na\u0161i uporabniki. Hvale\u017eni smo za zaupanje, podporo in izjemne povratne informacije.\u00a0 Spodaj si lahko preberete resni\u010dne izku\u0161nje ljudi, ki uporabljajo ozemljitvene rjuhe in podloge Earth Flow \u2013 od globljega spanca, manj bole\u010din do ve\u010d notranjega miru. Naj vam [&hellip;]","og_url":"https:\/\/earth-flow.net\/ro\/zahvale-strank\/","og_site_name":"Earth Flow \u2013 Produse de \u00eemp\u0103m\u00e2ntare pentru reconectarea cu energia P\u0103m\u00e2ntului.","article_modified_time":"2025-05-19T14:15:25+00:00","og_image":[{"url":"https:\/\/s.w.org\/images\/core\/emoji\/15.1.0\/svg\/1f601.svg","type":"","width":"","height":""}],"twitter_card":"summary_large_image","twitter_misc":{"Timp estimat pentru citire":"3 minute"},"schema":{"@context":"https:\/\/schema.org","@graph":[{"@type":"WebPage","@id":"https:\/\/earth-flow.net\/ro\/zahvale-strank\/","url":"https:\/\/earth-flow.net\/ro\/zahvale-strank\/","name":"Zahvale strank - Earth Flow \u2013 Produse de \u00eemp\u0103m\u00e2ntare pentru reconectarea cu energia P\u0103m\u00e2ntului.","isPartOf":{"@id":"https:\/\/earth-flow.net\/ro\/#website"},"primaryImageOfPage":{"@id":"https:\/\/earth-flow.net\/ro\/zahvale-strank\/#primaryimage"},"image":{"@id":"https:\/\/earth-flow.net\/ro\/zahvale-strank\/#primaryimage"},"thumbnailUrl":"https:\/\/s.w.org\/images\/core\/emoji\/15.1.0\/svg\/1f601.svg","datePublished":"2025-05-18T21:51:34+00:00","dateModified":"2025-05-19T14:15:25+00:00","breadcrumb":{"@id":"https:\/\/earth-flow.net\/ro\/zahvale-strank\/#breadcrumb"},"inLanguage":"ro-RO","potentialAction":[{"@type":"ReadAction","target":["https:\/\/earth-flow.net\/ro\/zahvale-strank\/"]}]},{"@type":"ImageObject","inLanguage":"ro-RO","@id":"https:\/\/earth-flow.net\/ro\/zahvale-strank\/#primaryimage","url":"https:\/\/s.w.org\/images\/core\/emoji\/15.1.0\/svg\/1f601.svg","contentUrl":"https:\/\/s.w.org\/images\/core\/emoji\/15.1.0\/svg\/1f601.svg"},{"@type":"BreadcrumbList","@id":"https:\/\/earth-flow.net\/ro\/zahvale-strank\/#breadcrumb","itemListElement":[{"@type":"ListItem","position":1,"name":"Home","item":"https:\/\/earth-flow.net\/ro\/"},{"@type":"ListItem","position":2,"name":"Zahvale strank"}]},{"@type":"WebSite","@id":"https:\/\/earth-flow.net\/ro\/#website","url":"https:\/\/earth-flow.net\/ro\/","name":"Earth Flow \u2013 Produse de \u00eemp\u0103m\u00e2ntare pentru reconectarea cu energia P\u0103m\u00e2ntului.","description":"Produse de \u00eemp\u0103m\u00e2ntare pentru reconectarea omenirii cu energia P\u0103m\u00e2ntului.","publisher":{"@id":"https:\/\/earth-flow.net\/ro\/#organization"},"potentialAction":[{"@type":"SearchAction","target":{"@type":"EntryPoint","urlTemplate":"https:\/\/earth-flow.net\/ro\/?s={search_term_string}"},"query-input":{"@type":"PropertyValueSpecification","valueRequired":true,"valueName":"search_term_string"}}],"inLanguage":"ro-RO"},{"@type":"Organization","@id":"https:\/\/earth-flow.net\/ro\/#organization","name":"Earth Flow \u2013 Produse de \u00eemp\u0103m\u00e2ntare pentru reconectarea cu energia P\u0103m\u00e2ntului.","url":"https:\/\/earth-flow.net\/ro\/","logo":{"@type":"ImageObject","inLanguage":"ro-RO","@id":"https:\/\/earth-flow.net\/ro\/#\/schema\/logo\/image\/","url":"https:\/\/earth-flow.net\/ro\/wp-content\/uploads\/2021\/04\/Earth-Flow_logo-lez\u030cec\u030ci-1_700px.png","contentUrl":"https:\/\/earth-flow.net\/ro\/wp-content\/uploads\/2021\/04\/Earth-Flow_logo-lez\u030cec\u030ci-1_700px.png","width":700,"height":152,"caption":"Earth Flow \u2013 Produse de \u00eemp\u0103m\u00e2ntare pentru reconectarea cu energia P\u0103m\u00e2ntului."},"image":{"@id":"https:\/\/earth-flow.net\/ro\/#\/schema\/logo\/image\/"}}]}},"_links":{"self":[{"href":"https:\/\/earth-flow.net\/ro\/wp-json\/wp\/v2\/pages\/4057","targetHints":{"allow":["GET"]}}],"collection":[{"href":"https:\/\/earth-flow.net\/ro\/wp-json\/wp\/v2\/pages"}],"about":[{"href":"https:\/\/earth-flow.net\/ro\/wp-json\/wp\/v2\/types\/page"}],"author":[{"embeddable":true,"href":"https:\/\/earth-flow.net\/ro\/wp-json\/wp\/v2\/users\/1"}],"replies":[{"embeddable":true,"href":"https:\/\/earth-flow.net\/ro\/wp-json\/wp\/v2\/comments?post=4057"}],"version-history":[{"count":0,"href":"https:\/\/earth-flow.net\/ro\/wp-json\/wp\/v2\/pages\/4057\/revisions"}],"wp:attachment":[{"href":"https:\/\/earth-flow.net\/ro\/wp-json\/wp\/v2\/media?parent=4057"}],"curies":[{"name":"wp","href":"https:\/\/api.w.org\/{rel}","templated":true}]}}