{"id":2464,"date":"2023-12-27T10:55:39","date_gmt":"2023-12-27T10:55:39","guid":{"rendered":"https:\/\/earth-flow.net\/ro\/?page_id=2464"},"modified":"2026-04-14T09:30:42","modified_gmt":"2026-04-14T08:30:42","slug":"vracila","status":"publish","type":"page","link":"https:\/\/earth-flow.net\/ro\/vracila\/","title":{"rendered":"Vra\u010dila"},"content":{"rendered":"<p>VRA\u010cILA KUPLJENIH IZDELKOV (izvle\u010dek iz Splo\u0161nih pogojev poslovanja) \u2013 Bandos d.o.o.<\/p>\n<p>&nbsp;<\/p>\n<p>Povzetek mo\u017enosti vra\u010dila:<\/p>\n<ul>\n<li>Izdelek lahko vrnete v roku 14 dni od prejema v okviru mehanizma &#8222;odstop od pogodbe&#8221; &#8211; to je zato, ker izdelek kupujete preko spleta in ga niste imeli mo\u017enosti videti v \u017eivo, kot v fizi\u010dni v trgovini. Zato imate pravico, da ga doma pregledate, kot bi ga v fizi\u010dni trgovini in \u010de z videnim niste zadovoljni, ga lahko vrnete neuporabljenega v originalni embala\u017ei. V primeru, da je izdelek uporabljen ve\u010d kot to, potro\u0161nih odgovarja za zmanj\u0161ano vrednost izdelka.<\/li>\n<li>K vrnjenemu paketu prilo\u017eite izpolnjen obrazec, saj bomo le tako lahko vedeli, kam vrnjen izdelek spada. Obrazec: <a href=\"https:\/\/earth-flow.net\/ro\/mapa\/return.pdf\" target=\"_blank\" rel=\"noopener\">ODSTOP OD POGODBE<\/a><\/li>\n<\/ul>\n<p>&nbsp;<\/p>\n<p>PRAVICA DO ODSTOPA POTRO\u0160NIKA OD POGODBE<\/p>\n<p>V primeru, da s kupljenim blagom iz kakr\u0161negakoli razloga niste zadovoljni, nam lahko v roku 14 dni od prejema blaga na elektronski naslov info@earth-flow.net oziroma po kak\u0161nem drugem komunikacijskem kanalu sporo\u010dite, da odstopate od pogodbe, ne da bi bilo potrebno navesti razlog za svojo odlo\u010ditev.<\/p>\n<p>Kupec mora najkasneje v 14 dneh po sporo\u010dilu o odstopu od pogodbe podjetju vrniti blago. Kupec vrne blago na naslov: Earth Flow (Nejc Volari\u010d), Ljubljanska cesta 79, 3000 Celje. Kupec lahko paket po\u0161lje tudi direktno na omenjeni naslov, brez obvestila na email, v roku 14 dni od prejema blaga. <strong>V vsakem primeru mora kupec v paket obvezno prilo\u017eiti tudi naslednji obrazec:<\/strong> <a href=\"https:\/\/earth-flow.net\/ro\/mapa\/return.pdf\" target=\"_blank\" rel=\"noopener\">ODSTOP OD POGODBE<\/a>.<\/p>\n<p>Edini stro\u0161ek, ki bremeni potro\u0161nika v zvezi z odstopom od naro\u010dila, je neposredni stro\u0161ek vra\u010dila blaga.<\/p>\n<p>Potro\u0161nik mora artikel vrniti prodajalcu neuporabljen, nepo\u0161kodovan in v nespremenjeni koli\u010dini, razen \u010de je artikel uni\u010den, pokvarjen, izgubljen ali se je njegova koli\u010dina zmanj\u0161ala, ne da bi bil za to kriv potro\u0161nik.<\/p>\n<p>Opozarjamo, da mora biti blago za povra\u010dilo celotne kupnine, nepo\u0161kodovano in neno\u0161eno\/neuporabljeno . Potro\u0161nik ne more in ne sme prejetega blaga uporabljati v \u010dasu do odstopa od pogodbe.<\/p>\n<p><strong>Ne gre namre\u010d za nakup na preizku\u0161njo: nakup na daljavo potro\u0161niku ne daje ve\u010d pravic, kot jih ima ta pri nakupu v navadni trgovini.<\/strong> Potro\u0161nik sme tako opraviti zgolj ogled in preizkus prejetega blaga v obsegu, kot je to nujno potrebno za ugotovitev dejanskega stanja in kot je to obi\u010dajno v prodajalnah (npr. pomeri obla\u010dilo). Vsakr\u0161no \u00bbpreizku\u0161anje\u00ab in drugo rabo, ki odstopa od navedenega, je mogo\u010de \u0161teti za uporabo blaga, kar pomeni, da potro\u0161nik odgovarja za zmanj\u0161anje vrednosti blaga, \u010de je zmanj\u0161anje posledica ravnanja, ki ni nujno potrebno za ugotovitev narave, lastnosti in delovanja blaga. <strong>V primeru, da je blago rabljeno<\/strong>, se lahko zmanj\u0161a znesek vrnjene kupnine na 75%, 50% ali 25% od originalnega zneska nakupa. Pri \u010demer 75% vra\u010dilo pomeni, da je blago malo rabljeno, 50% srednje rabljeno, 25% pa zelo rabljeno.<\/p>\n<p>Potro\u0161nik ob vra\u010dilu blaga po\u0161lje tudi ra\u010dun za blago in osebne podatke ter transakcijski ra\u010dun, na katerega \u017eeli prejeti vrnjeno pla\u010dilo.<\/p>\n<p>Vra\u010dilo pla\u010dila bomo opravili v 14 dneh od obvestila o odstopu od pogodbe in prejema blaga na na\u0161 naslov in pregledu le-tega.<\/p>\n<p>Pri odstopu od pogodbe, kjer je bila izkori\u0161\u010dena promocijska koda oziroma koda za popust, se ta sredstva upo\u0161tevajo kot popust in se uporabniku ne vrnejo. Na TRR uporabnika se vrne le vpla\u010dani znesek.<\/p>\n<p>&nbsp;<\/p>\n<p>ODGOVORNOST ZA STVARNE NAPAKE<\/p>\n<p>Prodajalec odgovarja za stvarna napake pri kupljenih artiklih. Za stvarno napako gre, kadar:<\/p>\n<ul>\n<li>izdelek nima lastnosti, ki so potrebne za njegovo normalno rabo ali za promet,<\/li>\n<li>izdelek nima lastnost, ki so potreben za posebno rabo, za katero jo kupec kupuje, ki je bila prodajalcu znana oziroma bi mu morala biti znana,<\/li>\n<li>izdelek nima lastnosti in odlik, ki so bile izrecno ali mol\u010de\u010de dogovorjene oziroma predpisane,<\/li>\n<li>je prodajalec izro\u010dil artikel, ki se ne ujema z vzorcem ali modelom, razen \u010de je bil vzorec ali model pokazan le zaradi obvestila.<\/li>\n<\/ul>\n<p>&nbsp;<\/p>\n<p>Kupec lahko uveljavlja svoje pravice iz naslova stvarne napake, \u010de o napaki obvesti prodajalca v roku dveh mesecev od dneva, ko je bila napaka odkrita. Prodajalec ne odgovarja za stvarne napake na artiklu, ki se poka\u017eejo po tem, ko mineta dve leti, odkar je bil artikel izro\u010den kupcu.<\/p>\n<p>Kupec mora v obvestilu o napaki natan\u010dneje opisati napako in prodajalcu omogo\u010diti, da stvar pregleda. Obvestilo o napaki lahko kupec prodajalcu sporo\u010di osebno, preko elektronskega naslova info@earth-flow.net (o \u010demer mu mora prodajalec poslati potrdilo o prejemu) ali ga po\u0161lje na naslov podjetja, ki je naveden na ra\u010dunu.<\/p>\n<p>&nbsp;<\/p>\n<p>Kupec, ki je pravilno obvestil prodajalca o napaki, lahko od njega zahteva, da:<\/p>\n<ul>\n<li>odpravi napako na artiklu ali- vrne del pla\u010danega zneska v sorazmerju z napako ali<\/li>\n<li>artikel z napako zamenja z novim brezhibnim artiklom ali<\/li>\n<li>vrne pla\u010dani znesek.<\/li>\n<\/ul>\n<p>&nbsp;<\/p>\n<p>\u010ce obstoj napake na artiklu ni sporen, bo prodajalec najpozneje v roku osmih dni ugodil kup\u010devi zahtevi za odpravo napake, vra\u010dilo dela ali celotnega pla\u010danega zneska ali zamenjavo kupljenega artikla.<\/p>\n<p>\u010ce je obstoj napake na artiklu sporen, bo prodajalec pisno odgovoril kupcu na njegovo zahtevo najpozneje v osmih dneh po njenem prejemu.<\/p>\n<p>Pravice kupca iz naslova stvarnih napak ugasnejo s potekom dveh let od dneva, ko je o stvarni napaki obvestil prodajalca.<\/p>\n<p>Pri uveljavljanju garancije poslujemo v skladu z Zakonom o varstvu potro\u0161nikov.<\/p>\n<p>Po \u017eelji vam blago zamenjamo za drugo.<\/p>\n<p>&nbsp;<\/p>\n<p>Vra\u010dila blaga (izvle\u010dek iz splo\u0161nih pogojev) je bilo posodobljeno dne 23.10.2025.<\/p>\n<p>&nbsp;<\/p>\n<p>&nbsp;<\/p>\n","protected":false},"excerpt":{"rendered":"<p>VRA\u010cILA KUPLJENIH IZDELKOV (izvle\u010dek iz Splo\u0161nih pogojev poslovanja) \u2013 Bandos d.o.o. &nbsp; Povzetek mo\u017enosti vra\u010dila: Izdelek lahko vrnete v roku 14 dni od prejema v okviru mehanizma &#8222;odstop od pogodbe&#8221; &#8211; to je zato, ker izdelek kupujete preko spleta in ga niste imeli mo\u017enosti videti v \u017eivo, kot v fizi\u010dni v trgovini. Zato imate pravico, [&hellip;]<\/p>\n","protected":false},"author":1,"featured_media":0,"parent":0,"menu_order":0,"comment_status":"closed","ping_status":"closed","template":"","meta":{"footnotes":""},"class_list":["post-2464","page","type-page","status-publish","hentry"],"yoast_head":"<!-- This site is optimized with the Yoast SEO plugin v27.4 - https:\/\/yoast.com\/product\/yoast-seo-wordpress\/ -->\n<title>Vra\u010dila - Earth Flow \u2013 Produse de \u00eemp\u0103m\u00e2ntare pentru reconectarea cu energia P\u0103m\u00e2ntului.<\/title>\n<meta name=\"robots\" content=\"index, follow, max-snippet:-1, max-image-preview:large, max-video-preview:-1\" \/>\n<link rel=\"canonical\" href=\"https:\/\/earth-flow.net\/ro\/vracila\/\" \/>\n<meta property=\"og:locale\" content=\"ro_RO\" \/>\n<meta property=\"og:type\" content=\"article\" \/>\n<meta property=\"og:title\" content=\"Vra\u010dila - Earth Flow \u2013 Produse de \u00eemp\u0103m\u00e2ntare pentru reconectarea cu energia P\u0103m\u00e2ntului.\" \/>\n<meta property=\"og:description\" content=\"VRA\u010cILA KUPLJENIH IZDELKOV (izvle\u010dek iz Splo\u0161nih pogojev poslovanja) \u2013 Bandos d.o.o. &nbsp; Povzetek mo\u017enosti vra\u010dila: Izdelek lahko vrnete v roku 14 dni od prejema v okviru mehanizma &#8222;odstop od pogodbe&#8221; &#8211; to je zato, ker izdelek kupujete preko spleta in ga niste imeli mo\u017enosti videti v \u017eivo, kot v fizi\u010dni v trgovini. Zato imate pravico, [&hellip;]\" \/>\n<meta property=\"og:url\" content=\"https:\/\/earth-flow.net\/ro\/vracila\/\" \/>\n<meta property=\"og:site_name\" content=\"Earth Flow \u2013 Produse de \u00eemp\u0103m\u00e2ntare pentru reconectarea cu energia P\u0103m\u00e2ntului.\" \/>\n<meta property=\"article:modified_time\" content=\"2026-04-14T08:30:42+00:00\" \/>\n<meta name=\"twitter:card\" content=\"summary_large_image\" \/>\n<meta name=\"twitter:label1\" content=\"Timp estimat pentru citire\" \/>\n\t<meta name=\"twitter:data1\" content=\"5 minute\" \/>\n<script type=\"application\/ld+json\" class=\"yoast-schema-graph\">{\"@context\":\"https:\\\/\\\/schema.org\",\"@graph\":[{\"@type\":\"WebPage\",\"@id\":\"https:\\\/\\\/earth-flow.net\\\/ro\\\/vracila\\\/\",\"url\":\"https:\\\/\\\/earth-flow.net\\\/ro\\\/vracila\\\/\",\"name\":\"Vra\u010dila - Earth Flow \u2013 Produse de \u00eemp\u0103m\u00e2ntare pentru reconectarea cu energia P\u0103m\u00e2ntului.\",\"isPartOf\":{\"@id\":\"https:\\\/\\\/earth-flow.net\\\/ro\\\/#website\"},\"datePublished\":\"2023-12-27T10:55:39+00:00\",\"dateModified\":\"2026-04-14T08:30:42+00:00\",\"breadcrumb\":{\"@id\":\"https:\\\/\\\/earth-flow.net\\\/ro\\\/vracila\\\/#breadcrumb\"},\"inLanguage\":\"ro-RO\",\"potentialAction\":[{\"@type\":\"ReadAction\",\"target\":[\"https:\\\/\\\/earth-flow.net\\\/ro\\\/vracila\\\/\"]}]},{\"@type\":\"BreadcrumbList\",\"@id\":\"https:\\\/\\\/earth-flow.net\\\/ro\\\/vracila\\\/#breadcrumb\",\"itemListElement\":[{\"@type\":\"ListItem\",\"position\":1,\"name\":\"Home\",\"item\":\"https:\\\/\\\/earth-flow.net\\\/ro\\\/\"},{\"@type\":\"ListItem\",\"position\":2,\"name\":\"Vra\u010dila\"}]},{\"@type\":\"WebSite\",\"@id\":\"https:\\\/\\\/earth-flow.net\\\/ro\\\/#website\",\"url\":\"https:\\\/\\\/earth-flow.net\\\/ro\\\/\",\"name\":\"Earth Flow \u2013 Produse de \u00eemp\u0103m\u00e2ntare pentru reconectarea cu energia P\u0103m\u00e2ntului.\",\"description\":\"Produse de \u00eemp\u0103m\u00e2ntare pentru reconectarea omenirii cu energia P\u0103m\u00e2ntului.\",\"publisher\":{\"@id\":\"https:\\\/\\\/earth-flow.net\\\/ro\\\/#organization\"},\"potentialAction\":[{\"@type\":\"SearchAction\",\"target\":{\"@type\":\"EntryPoint\",\"urlTemplate\":\"https:\\\/\\\/earth-flow.net\\\/ro\\\/?s={search_term_string}\"},\"query-input\":{\"@type\":\"PropertyValueSpecification\",\"valueRequired\":true,\"valueName\":\"search_term_string\"}}],\"inLanguage\":\"ro-RO\"},{\"@type\":\"Organization\",\"@id\":\"https:\\\/\\\/earth-flow.net\\\/ro\\\/#organization\",\"name\":\"Earth Flow \u2013 Produse de \u00eemp\u0103m\u00e2ntare pentru reconectarea cu energia P\u0103m\u00e2ntului.\",\"url\":\"https:\\\/\\\/earth-flow.net\\\/ro\\\/\",\"logo\":{\"@type\":\"ImageObject\",\"inLanguage\":\"ro-RO\",\"@id\":\"https:\\\/\\\/earth-flow.net\\\/ro\\\/#\\\/schema\\\/logo\\\/image\\\/\",\"url\":\"https:\\\/\\\/earth-flow.net\\\/ro\\\/wp-content\\\/uploads\\\/2021\\\/04\\\/Earth-Flow_logo-lez\u030cec\u030ci-1_700px.png\",\"contentUrl\":\"https:\\\/\\\/earth-flow.net\\\/ro\\\/wp-content\\\/uploads\\\/2021\\\/04\\\/Earth-Flow_logo-lez\u030cec\u030ci-1_700px.png\",\"width\":700,\"height\":152,\"caption\":\"Earth Flow \u2013 Produse de \u00eemp\u0103m\u00e2ntare pentru reconectarea cu energia P\u0103m\u00e2ntului.\"},\"image\":{\"@id\":\"https:\\\/\\\/earth-flow.net\\\/ro\\\/#\\\/schema\\\/logo\\\/image\\\/\"}}]}<\/script>\n<!-- \/ Yoast SEO plugin. -->","yoast_head_json":{"title":"Vra\u010dila - Earth Flow \u2013 Produse de \u00eemp\u0103m\u00e2ntare pentru reconectarea cu energia P\u0103m\u00e2ntului.","robots":{"index":"index","follow":"follow","max-snippet":"max-snippet:-1","max-image-preview":"max-image-preview:large","max-video-preview":"max-video-preview:-1"},"canonical":"https:\/\/earth-flow.net\/ro\/vracila\/","og_locale":"ro_RO","og_type":"article","og_title":"Vra\u010dila - Earth Flow \u2013 Produse de \u00eemp\u0103m\u00e2ntare pentru reconectarea cu energia P\u0103m\u00e2ntului.","og_description":"VRA\u010cILA KUPLJENIH IZDELKOV (izvle\u010dek iz Splo\u0161nih pogojev poslovanja) \u2013 Bandos d.o.o. &nbsp; Povzetek mo\u017enosti vra\u010dila: Izdelek lahko vrnete v roku 14 dni od prejema v okviru mehanizma &#8222;odstop od pogodbe&#8221; &#8211; to je zato, ker izdelek kupujete preko spleta in ga niste imeli mo\u017enosti videti v \u017eivo, kot v fizi\u010dni v trgovini. Zato imate pravico, [&hellip;]","og_url":"https:\/\/earth-flow.net\/ro\/vracila\/","og_site_name":"Earth Flow \u2013 Produse de \u00eemp\u0103m\u00e2ntare pentru reconectarea cu energia P\u0103m\u00e2ntului.","article_modified_time":"2026-04-14T08:30:42+00:00","twitter_card":"summary_large_image","twitter_misc":{"Timp estimat pentru citire":"5 minute"},"schema":{"@context":"https:\/\/schema.org","@graph":[{"@type":"WebPage","@id":"https:\/\/earth-flow.net\/ro\/vracila\/","url":"https:\/\/earth-flow.net\/ro\/vracila\/","name":"Vra\u010dila - Earth Flow \u2013 Produse de \u00eemp\u0103m\u00e2ntare pentru reconectarea cu energia P\u0103m\u00e2ntului.","isPartOf":{"@id":"https:\/\/earth-flow.net\/ro\/#website"},"datePublished":"2023-12-27T10:55:39+00:00","dateModified":"2026-04-14T08:30:42+00:00","breadcrumb":{"@id":"https:\/\/earth-flow.net\/ro\/vracila\/#breadcrumb"},"inLanguage":"ro-RO","potentialAction":[{"@type":"ReadAction","target":["https:\/\/earth-flow.net\/ro\/vracila\/"]}]},{"@type":"BreadcrumbList","@id":"https:\/\/earth-flow.net\/ro\/vracila\/#breadcrumb","itemListElement":[{"@type":"ListItem","position":1,"name":"Home","item":"https:\/\/earth-flow.net\/ro\/"},{"@type":"ListItem","position":2,"name":"Vra\u010dila"}]},{"@type":"WebSite","@id":"https:\/\/earth-flow.net\/ro\/#website","url":"https:\/\/earth-flow.net\/ro\/","name":"Earth Flow \u2013 Produse de \u00eemp\u0103m\u00e2ntare pentru reconectarea cu energia P\u0103m\u00e2ntului.","description":"Produse de \u00eemp\u0103m\u00e2ntare pentru reconectarea omenirii cu energia P\u0103m\u00e2ntului.","publisher":{"@id":"https:\/\/earth-flow.net\/ro\/#organization"},"potentialAction":[{"@type":"SearchAction","target":{"@type":"EntryPoint","urlTemplate":"https:\/\/earth-flow.net\/ro\/?s={search_term_string}"},"query-input":{"@type":"PropertyValueSpecification","valueRequired":true,"valueName":"search_term_string"}}],"inLanguage":"ro-RO"},{"@type":"Organization","@id":"https:\/\/earth-flow.net\/ro\/#organization","name":"Earth Flow \u2013 Produse de \u00eemp\u0103m\u00e2ntare pentru reconectarea cu energia P\u0103m\u00e2ntului.","url":"https:\/\/earth-flow.net\/ro\/","logo":{"@type":"ImageObject","inLanguage":"ro-RO","@id":"https:\/\/earth-flow.net\/ro\/#\/schema\/logo\/image\/","url":"https:\/\/earth-flow.net\/ro\/wp-content\/uploads\/2021\/04\/Earth-Flow_logo-lez\u030cec\u030ci-1_700px.png","contentUrl":"https:\/\/earth-flow.net\/ro\/wp-content\/uploads\/2021\/04\/Earth-Flow_logo-lez\u030cec\u030ci-1_700px.png","width":700,"height":152,"caption":"Earth Flow \u2013 Produse de \u00eemp\u0103m\u00e2ntare pentru reconectarea cu energia P\u0103m\u00e2ntului."},"image":{"@id":"https:\/\/earth-flow.net\/ro\/#\/schema\/logo\/image\/"}}]}},"_links":{"self":[{"href":"https:\/\/earth-flow.net\/ro\/wp-json\/wp\/v2\/pages\/2464","targetHints":{"allow":["GET"]}}],"collection":[{"href":"https:\/\/earth-flow.net\/ro\/wp-json\/wp\/v2\/pages"}],"about":[{"href":"https:\/\/earth-flow.net\/ro\/wp-json\/wp\/v2\/types\/page"}],"author":[{"embeddable":true,"href":"https:\/\/earth-flow.net\/ro\/wp-json\/wp\/v2\/users\/1"}],"replies":[{"embeddable":true,"href":"https:\/\/earth-flow.net\/ro\/wp-json\/wp\/v2\/comments?post=2464"}],"version-history":[{"count":0,"href":"https:\/\/earth-flow.net\/ro\/wp-json\/wp\/v2\/pages\/2464\/revisions"}],"wp:attachment":[{"href":"https:\/\/earth-flow.net\/ro\/wp-json\/wp\/v2\/media?parent=2464"}],"curies":[{"name":"wp","href":"https:\/\/api.w.org\/{rel}","templated":true}]}}