{"id":1095,"date":"2022-03-23T09:25:42","date_gmt":"2022-03-23T09:25:42","guid":{"rendered":"https:\/\/earth-flow.net\/ro\/?page_id=1095"},"modified":"2025-11-21T10:53:48","modified_gmt":"2025-11-21T10:53:48","slug":"kontakt","status":"publish","type":"page","link":"https:\/\/earth-flow.net\/ro\/kontakt\/","title":{"rendered":"Kontakt"},"content":{"rendered":"\t\t<div data-elementor-type=\"wp-page\" data-elementor-id=\"1095\" class=\"elementor elementor-1095\" data-elementor-post-type=\"page\">\n\t\t\t\t\t\t<section class=\"elementor-section elementor-top-section elementor-element elementor-element-1775940 elementor-section-boxed elementor-section-height-default elementor-section-height-default\" data-id=\"1775940\" data-element_type=\"section\" data-e-type=\"section\">\n\t\t\t\t\t\t<div class=\"elementor-container elementor-column-gap-default\">\n\t\t\t\t\t<div class=\"elementor-column elementor-col-100 elementor-top-column elementor-element elementor-element-43b199a\" data-id=\"43b199a\" data-element_type=\"column\" data-e-type=\"column\">\n\t\t\t<div class=\"elementor-widget-wrap elementor-element-populated\">\n\t\t\t\t\t\t<div class=\"elementor-element elementor-element-4283f22 elementor-widget elementor-widget-heading\" data-id=\"4283f22\" data-element_type=\"widget\" data-e-type=\"widget\" data-widget_type=\"heading.default\">\n\t\t\t\t<div class=\"elementor-widget-container\">\n\t\t\t\t\t<h1 class=\"elementor-heading-title elementor-size-default\">Kontakt<\/h1>\t\t\t\t<\/div>\n\t\t\t\t<\/div>\n\t\t\t\t\t<\/div>\n\t\t<\/div>\n\t\t\t\t\t<\/div>\n\t\t<\/section>\n\t\t\t\t<section class=\"elementor-section elementor-top-section elementor-element elementor-element-37937b09 elementor-section-boxed elementor-section-height-default elementor-section-height-default\" data-id=\"37937b09\" data-element_type=\"section\" data-e-type=\"section\">\n\t\t\t\t\t\t<div class=\"elementor-container elementor-column-gap-default\">\n\t\t\t\t\t<div class=\"elementor-column elementor-col-50 elementor-top-column elementor-element elementor-element-60ef1343\" data-id=\"60ef1343\" data-element_type=\"column\" data-e-type=\"column\">\n\t\t\t<div class=\"elementor-widget-wrap elementor-element-populated\">\n\t\t\t\t\t\t<div class=\"elementor-element elementor-element-20d3e127 elementor-widget elementor-widget-text-editor\" data-id=\"20d3e127\" data-element_type=\"widget\" data-e-type=\"widget\" data-widget_type=\"text-editor.default\">\n\t\t\t\t<div class=\"elementor-widget-container\">\n\t\t\t\t\t\t\t\t\t<p>Imate <b>vpra\u0161anje, komentar ali predlog <\/b>za sodelovanje?Veseli bomo va\u0161ega sporo\u010dila.<\/p>\t\t\t\t\t\t\t\t<\/div>\n\t\t\t\t<\/div>\n\t\t\t\t<div class=\"elementor-element elementor-element-23d0d0db elementor-button-align-stretch elementor-widget elementor-widget-form\" data-id=\"23d0d0db\" data-element_type=\"widget\" data-e-type=\"widget\" data-settings=\"{&quot;step_next_label&quot;:&quot;Next&quot;,&quot;step_previous_label&quot;:&quot;Previous&quot;,&quot;button_width&quot;:&quot;100&quot;,&quot;step_type&quot;:&quot;number_text&quot;,&quot;step_icon_shape&quot;:&quot;circle&quot;}\" data-widget_type=\"form.default\">\n\t\t\t\t<div class=\"elementor-widget-container\">\n\t\t\t\t\t\t\t<form class=\"elementor-form\" method=\"post\" id=\"Kontakt\" name=\"Kontakt\" aria-label=\"Kontakt\">\n\t\t\t<input type=\"hidden\" name=\"post_id\" value=\"1095\"\/>\n\t\t\t<input type=\"hidden\" name=\"form_id\" value=\"23d0d0db\"\/>\n\t\t\t<input type=\"hidden\" name=\"referer_title\" value=\"Kontakt - Earth Flow \u2013 Produse de \u00eemp\u0103m\u00e2ntare pentru reconectarea cu energia P\u0103m\u00e2ntului.\" \/>\n\n\t\t\t\t\t\t\t<input type=\"hidden\" name=\"queried_id\" value=\"1095\"\/>\n\t\t\t\n\t\t\t<div class=\"elementor-form-fields-wrapper elementor-labels-\">\n\t\t\t\t\t\t\t\t<div class=\"elementor-field-type-text elementor-field-group elementor-column elementor-field-group-name elementor-col-50 elementor-field-required\">\n\t\t\t\t\t\t\t\t\t\t\t\t<label for=\"form-field-name\" class=\"elementor-field-label elementor-screen-only\">\n\t\t\t\t\t\t\t\tIme\t\t\t\t\t\t\t<\/label>\n\t\t\t\t\t\t\t\t\t\t\t\t\t\t<input size=\"1\" type=\"text\" name=\"form_fields[name]\" id=\"form-field-name\" class=\"elementor-field elementor-size-xs  elementor-field-textual\" placeholder=\"Ime *\" required=\"required\">\n\t\t\t\t\t\t\t\t\t\t\t<\/div>\n\t\t\t\t\t\t\t\t<div class=\"elementor-field-type-text elementor-field-group elementor-column elementor-field-group-field_c785e3a elementor-col-50\">\n\t\t\t\t\t\t\t\t\t\t\t\t<label for=\"form-field-field_c785e3a\" class=\"elementor-field-label elementor-screen-only\">\n\t\t\t\t\t\t\t\tPriimek\t\t\t\t\t\t\t<\/label>\n\t\t\t\t\t\t\t\t\t\t\t\t\t\t<input size=\"1\" type=\"text\" name=\"form_fields[field_c785e3a]\" id=\"form-field-field_c785e3a\" class=\"elementor-field elementor-size-xs  elementor-field-textual\" placeholder=\"Priimek\">\n\t\t\t\t\t\t\t\t\t\t\t<\/div>\n\t\t\t\t\t\t\t\t<div class=\"elementor-field-type-email elementor-field-group elementor-column elementor-field-group-email elementor-col-100 elementor-field-required\">\n\t\t\t\t\t\t\t\t\t\t\t\t<label for=\"form-field-email\" class=\"elementor-field-label elementor-screen-only\">\n\t\t\t\t\t\t\t\tEmail\t\t\t\t\t\t\t<\/label>\n\t\t\t\t\t\t\t\t\t\t\t\t\t\t<input size=\"1\" type=\"email\" name=\"form_fields[email]\" id=\"form-field-email\" class=\"elementor-field elementor-size-xs  elementor-field-textual\" placeholder=\"Email *\" required=\"required\">\n\t\t\t\t\t\t\t\t\t\t\t<\/div>\n\t\t\t\t\t\t\t\t<div class=\"elementor-field-type-text elementor-field-group elementor-column elementor-field-group-field_1cd2a55 elementor-col-100\">\n\t\t\t\t\t\t\t\t\t\t\t\t<label for=\"form-field-field_1cd2a55\" class=\"elementor-field-label elementor-screen-only\">\n\t\t\t\t\t\t\t\tTelefon\t\t\t\t\t\t\t<\/label>\n\t\t\t\t\t\t\t\t\t\t\t\t\t\t<input size=\"1\" type=\"text\" name=\"form_fields[field_1cd2a55]\" id=\"form-field-field_1cd2a55\" class=\"elementor-field elementor-size-xs  elementor-field-textual\" placeholder=\"Telefon\">\n\t\t\t\t\t\t\t\t\t\t\t<\/div>\n\t\t\t\t\t\t\t\t<div class=\"elementor-field-type-textarea elementor-field-group elementor-column elementor-field-group-field_e3db505 elementor-col-100\">\n\t\t\t\t\t\t\t\t\t\t\t\t<label for=\"form-field-field_e3db505\" class=\"elementor-field-label elementor-screen-only\">\n\t\t\t\t\t\t\t\tVa\u0161e sporo\u010dilo\t\t\t\t\t\t\t<\/label>\n\t\t\t\t\t\t<textarea class=\"elementor-field-textual elementor-field  elementor-size-xs\" name=\"form_fields[field_e3db505]\" id=\"form-field-field_e3db505\" rows=\"4\" placeholder=\"Va\u0161e sporo\u010dilo\"><\/textarea>\t\t\t\t<\/div>\n\t\t\t\t\t\t\t\t<div class=\"elementor-field-type-acceptance elementor-field-group elementor-column elementor-field-group-field_3 elementor-col-100\">\n\t\t\t\t\t\t\t\t\t\t\t\t<label for=\"form-field-field_3\" class=\"elementor-field-label elementor-screen-only\">\n\t\t\t\t\t\t\t\tGDPR consent\t\t\t\t\t\t\t<\/label>\n\t\t\t\t\t\t\t\t<div class=\"elementor-field-subgroup\">\n\t\t\t<span class=\"elementor-field-option\">\n\t\t\t\t<input type=\"checkbox\" name=\"form_fields[field_3]\" id=\"form-field-field_3\" class=\"elementor-field elementor-size-xs  elementor-acceptance-field\">\n\t\t\t\t<label for=\"form-field-field_3\">\u017delim prejemati e-mail obvestila o popustih in novostih na Earth Flow.<\/label>\t\t\t<\/span>\n\t\t<\/div>\n\t\t\t\t\t\t<\/div>\n\t\t\t\t\t\t\t\t<div class=\"elementor-field-type-recaptcha_v3 elementor-field-group elementor-column elementor-field-group-field_8d1ff78 elementor-col-100 recaptcha_v3-bottomright\">\n\t\t\t\t\t<div class=\"elementor-field\" id=\"form-field-field_8d1ff78\"><div class=\"elementor-g-recaptcha\" data-sitekey=\"6LecugQhAAAAAApZBuE-Me4G_2XvokROq2hZ0KHk\" data-type=\"v3\" data-action=\"Form\" data-badge=\"bottomright\" data-size=\"invisible\"><\/div><\/div>\t\t\t\t<\/div>\n\t\t\t\t\t\t\t\t<div class=\"elementor-field-group elementor-column elementor-field-type-submit elementor-col-100 e-form__buttons\">\n\t\t\t\t\t<button class=\"elementor-button elementor-size-md\" type=\"submit\">\n\t\t\t\t\t\t<span class=\"elementor-button-content-wrapper\">\n\t\t\t\t\t\t\t\t\t\t\t\t\t\t\t\t\t\t\t\t\t\t<span class=\"elementor-button-text\">PO\u0160LJI<\/span>\n\t\t\t\t\t\t\t\t\t\t\t\t\t<\/span>\n\t\t\t\t\t<\/button>\n\t\t\t\t<\/div>\n\t\t\t<\/div>\n\t\t<\/form>\n\t\t\t\t\t\t<\/div>\n\t\t\t\t<\/div>\n\t\t\t\t\t<\/div>\n\t\t<\/div>\n\t\t\t\t<div class=\"elementor-column elementor-col-50 elementor-top-column elementor-element elementor-element-4fd83c8c\" data-id=\"4fd83c8c\" data-element_type=\"column\" data-e-type=\"column\">\n\t\t\t<div class=\"elementor-widget-wrap elementor-element-populated\">\n\t\t\t\t\t\t<div class=\"elementor-element elementor-element-38b8b431 elementor-widget elementor-widget-text-editor\" data-id=\"38b8b431\" data-element_type=\"widget\" data-e-type=\"widget\" data-widget_type=\"text-editor.default\">\n\t\t\t\t<div class=\"elementor-widget-container\">\n\t\t\t\t\t\t\t\t\t<h3><b>Kontaktni podatki:<\/b><\/h3><div><b>Bandos d.o.o.<\/b><br \/>Tr\u017ea\u0161ka ulica 7<br \/>3000 Celje<br \/><b>DDV \u0161tevilka:<\/b>\u00a0SI34907254<\/div><div><span style=\"color: var( --e-global-color-text ); font-family: var( --e-global-typography-text-font-family ), Sans-serif; font-size: var( --e-global-typography-text-font-size ); font-weight: var( --e-global-typography-text-font-weight );\">\u00a0<\/span><\/div><div><b>E-mail:<\/b> <a href=\"mailto:info@earth-flow.net\">info@earth-flow.net<\/a><br \/><b>Telefon:<\/b> <a href=\"http:\/\/tel:0038669662432\">+386 69 662 432<\/a><\/div><div>\u00a0<\/div><div><b>IBAN:<\/b> SI56 0400 1004 8834 930<\/div><div><b>SWIFT\/BIC:<\/b> KBMASI2X<\/div><div>\u00a0<\/div><div>Podporo nam nudi <b>Inkubator Savinjske regije<\/b><\/div>\t\t\t\t\t\t\t\t<\/div>\n\t\t\t\t<\/div>\n\t\t\t\t<div class=\"elementor-element elementor-element-b3eb246 elementor-widget elementor-widget-image\" data-id=\"b3eb246\" data-element_type=\"widget\" data-e-type=\"widget\" data-widget_type=\"image.default\">\n\t\t\t\t<div class=\"elementor-widget-container\">\n\t\t\t\t\t\t\t\t\t\t\t\t\t\t\t\t<a href=\"https:\/\/www.inkubatorsr.si\/\" target=\"_blank\">\n\t\t\t\t\t\t\t<img decoding=\"async\" width=\"300\" height=\"140\" src=\"https:\/\/earth-flow.net\/ro\/wp-content\/uploads\/2025\/09\/logo-300x140.png\" class=\"attachment-medium size-medium wp-image-4686\" alt=\"\" srcset=\"https:\/\/earth-flow.net\/ro\/wp-content\/uploads\/2025\/09\/logo-300x140.png 300w, https:\/\/earth-flow.net\/ro\/wp-content\/uploads\/2025\/09\/logo-768x357.png 768w, https:\/\/earth-flow.net\/ro\/wp-content\/uploads\/2025\/09\/logo-500x233.png 500w, https:\/\/earth-flow.net\/ro\/wp-content\/uploads\/2025\/09\/logo-600x279.png 600w, https:\/\/earth-flow.net\/ro\/wp-content\/uploads\/2025\/09\/logo.png 888w\" sizes=\"(max-width: 300px) 100vw, 300px\" \/>\t\t\t\t\t\t\t\t<\/a>\n\t\t\t\t\t\t\t\t\t\t\t\t\t\t\t<\/div>\n\t\t\t\t<\/div>\n\t\t\t\t\t<\/div>\n\t\t<\/div>\n\t\t\t\t\t<\/div>\n\t\t<\/section>\n\t\t\t\t<\/div>\n\t\t","protected":false},"excerpt":{"rendered":"<p>Kontakt Imate vpra\u0161anje, komentar ali predlog za sodelovanje?Veseli bomo va\u0161ega sporo\u010dila. Kontaktni podatki: Bandos d.o.o.Tr\u017ea\u0161ka ulica 73000 CeljeDDV \u0161tevilka:\u00a0SI34907254\u00a0E-mail: info@earth-flow.netTelefon: +386 69 662 432\u00a0IBAN: SI56 0400 1004 8834 930SWIFT\/BIC: KBMASI2X\u00a0Podporo nam nudi Inkubator Savinjske regije<\/p>\n","protected":false},"author":1,"featured_media":0,"parent":0,"menu_order":0,"comment_status":"closed","ping_status":"closed","template":"","meta":{"footnotes":""},"class_list":["post-1095","page","type-page","status-publish","hentry"],"yoast_head":"<!-- This site is optimized with the Yoast SEO plugin v27.4 - https:\/\/yoast.com\/product\/yoast-seo-wordpress\/ -->\n<title>Kontakt - Earth Flow \u2013 Produse de \u00eemp\u0103m\u00e2ntare pentru reconectarea cu energia P\u0103m\u00e2ntului.<\/title>\n<meta name=\"robots\" content=\"index, follow, max-snippet:-1, max-image-preview:large, max-video-preview:-1\" \/>\n<link rel=\"canonical\" href=\"https:\/\/earth-flow.net\/ro\/kontakt\/\" \/>\n<meta property=\"og:locale\" content=\"ro_RO\" \/>\n<meta property=\"og:type\" content=\"article\" \/>\n<meta property=\"og:title\" content=\"Kontakt - Earth Flow \u2013 Produse de \u00eemp\u0103m\u00e2ntare pentru reconectarea cu energia P\u0103m\u00e2ntului.\" \/>\n<meta property=\"og:description\" content=\"Kontakt Imate vpra\u0161anje, komentar ali predlog za sodelovanje?Veseli bomo va\u0161ega sporo\u010dila. Kontaktni podatki: Bandos d.o.o.Tr\u017ea\u0161ka ulica 73000 CeljeDDV \u0161tevilka:\u00a0SI34907254\u00a0E-mail: info@earth-flow.netTelefon: +386 69 662 432\u00a0IBAN: SI56 0400 1004 8834 930SWIFT\/BIC: KBMASI2X\u00a0Podporo nam nudi Inkubator Savinjske regije\" \/>\n<meta property=\"og:url\" content=\"https:\/\/earth-flow.net\/ro\/kontakt\/\" \/>\n<meta property=\"og:site_name\" content=\"Earth Flow \u2013 Produse de \u00eemp\u0103m\u00e2ntare pentru reconectarea cu energia P\u0103m\u00e2ntului.\" \/>\n<meta property=\"article:modified_time\" content=\"2025-11-21T10:53:48+00:00\" \/>\n<meta property=\"og:image\" content=\"https:\/\/earth-flow.net\/ro\/wp-content\/uploads\/2025\/09\/logo.png\" \/>\n\t<meta property=\"og:image:width\" content=\"888\" \/>\n\t<meta property=\"og:image:height\" content=\"413\" \/>\n\t<meta property=\"og:image:type\" content=\"image\/png\" \/>\n<meta name=\"twitter:card\" content=\"summary_large_image\" \/>\n<meta name=\"twitter:label1\" content=\"Timp estimat pentru citire\" \/>\n\t<meta name=\"twitter:data1\" content=\"1 minut\" \/>\n<script type=\"application\/ld+json\" class=\"yoast-schema-graph\">{\"@context\":\"https:\\\/\\\/schema.org\",\"@graph\":[{\"@type\":\"WebPage\",\"@id\":\"https:\\\/\\\/earth-flow.net\\\/ro\\\/kontakt\\\/\",\"url\":\"https:\\\/\\\/earth-flow.net\\\/ro\\\/kontakt\\\/\",\"name\":\"Kontakt - Earth Flow \u2013 Produse de \u00eemp\u0103m\u00e2ntare pentru reconectarea cu energia P\u0103m\u00e2ntului.\",\"isPartOf\":{\"@id\":\"https:\\\/\\\/earth-flow.net\\\/ro\\\/#website\"},\"primaryImageOfPage\":{\"@id\":\"https:\\\/\\\/earth-flow.net\\\/ro\\\/kontakt\\\/#primaryimage\"},\"image\":{\"@id\":\"https:\\\/\\\/earth-flow.net\\\/ro\\\/kontakt\\\/#primaryimage\"},\"thumbnailUrl\":\"https:\\\/\\\/earth-flow.net\\\/ro\\\/wp-content\\\/uploads\\\/2025\\\/09\\\/logo-300x140.png\",\"datePublished\":\"2022-03-23T09:25:42+00:00\",\"dateModified\":\"2025-11-21T10:53:48+00:00\",\"breadcrumb\":{\"@id\":\"https:\\\/\\\/earth-flow.net\\\/ro\\\/kontakt\\\/#breadcrumb\"},\"inLanguage\":\"ro-RO\",\"potentialAction\":[{\"@type\":\"ReadAction\",\"target\":[\"https:\\\/\\\/earth-flow.net\\\/ro\\\/kontakt\\\/\"]}]},{\"@type\":\"ImageObject\",\"inLanguage\":\"ro-RO\",\"@id\":\"https:\\\/\\\/earth-flow.net\\\/ro\\\/kontakt\\\/#primaryimage\",\"url\":\"https:\\\/\\\/earth-flow.net\\\/ro\\\/wp-content\\\/uploads\\\/2025\\\/09\\\/logo.png\",\"contentUrl\":\"https:\\\/\\\/earth-flow.net\\\/ro\\\/wp-content\\\/uploads\\\/2025\\\/09\\\/logo.png\",\"width\":888,\"height\":413},{\"@type\":\"BreadcrumbList\",\"@id\":\"https:\\\/\\\/earth-flow.net\\\/ro\\\/kontakt\\\/#breadcrumb\",\"itemListElement\":[{\"@type\":\"ListItem\",\"position\":1,\"name\":\"Home\",\"item\":\"https:\\\/\\\/earth-flow.net\\\/ro\\\/\"},{\"@type\":\"ListItem\",\"position\":2,\"name\":\"Kontakt\"}]},{\"@type\":\"WebSite\",\"@id\":\"https:\\\/\\\/earth-flow.net\\\/ro\\\/#website\",\"url\":\"https:\\\/\\\/earth-flow.net\\\/ro\\\/\",\"name\":\"Earth Flow \u2013 Produse de \u00eemp\u0103m\u00e2ntare pentru reconectarea cu energia P\u0103m\u00e2ntului.\",\"description\":\"Produse de \u00eemp\u0103m\u00e2ntare pentru reconectarea omenirii cu energia P\u0103m\u00e2ntului.\",\"publisher\":{\"@id\":\"https:\\\/\\\/earth-flow.net\\\/ro\\\/#organization\"},\"potentialAction\":[{\"@type\":\"SearchAction\",\"target\":{\"@type\":\"EntryPoint\",\"urlTemplate\":\"https:\\\/\\\/earth-flow.net\\\/ro\\\/?s={search_term_string}\"},\"query-input\":{\"@type\":\"PropertyValueSpecification\",\"valueRequired\":true,\"valueName\":\"search_term_string\"}}],\"inLanguage\":\"ro-RO\"},{\"@type\":\"Organization\",\"@id\":\"https:\\\/\\\/earth-flow.net\\\/ro\\\/#organization\",\"name\":\"Earth Flow \u2013 Produse de \u00eemp\u0103m\u00e2ntare pentru reconectarea cu energia P\u0103m\u00e2ntului.\",\"url\":\"https:\\\/\\\/earth-flow.net\\\/ro\\\/\",\"logo\":{\"@type\":\"ImageObject\",\"inLanguage\":\"ro-RO\",\"@id\":\"https:\\\/\\\/earth-flow.net\\\/ro\\\/#\\\/schema\\\/logo\\\/image\\\/\",\"url\":\"https:\\\/\\\/earth-flow.net\\\/ro\\\/wp-content\\\/uploads\\\/2021\\\/04\\\/Earth-Flow_logo-lez\u030cec\u030ci-1_700px.png\",\"contentUrl\":\"https:\\\/\\\/earth-flow.net\\\/ro\\\/wp-content\\\/uploads\\\/2021\\\/04\\\/Earth-Flow_logo-lez\u030cec\u030ci-1_700px.png\",\"width\":700,\"height\":152,\"caption\":\"Earth Flow \u2013 Produse de \u00eemp\u0103m\u00e2ntare pentru reconectarea cu energia P\u0103m\u00e2ntului.\"},\"image\":{\"@id\":\"https:\\\/\\\/earth-flow.net\\\/ro\\\/#\\\/schema\\\/logo\\\/image\\\/\"}}]}<\/script>\n<!-- \/ Yoast SEO plugin. -->","yoast_head_json":{"title":"Kontakt - Earth Flow \u2013 Produse de \u00eemp\u0103m\u00e2ntare pentru reconectarea cu energia P\u0103m\u00e2ntului.","robots":{"index":"index","follow":"follow","max-snippet":"max-snippet:-1","max-image-preview":"max-image-preview:large","max-video-preview":"max-video-preview:-1"},"canonical":"https:\/\/earth-flow.net\/ro\/kontakt\/","og_locale":"ro_RO","og_type":"article","og_title":"Kontakt - Earth Flow \u2013 Produse de \u00eemp\u0103m\u00e2ntare pentru reconectarea cu energia P\u0103m\u00e2ntului.","og_description":"Kontakt Imate vpra\u0161anje, komentar ali predlog za sodelovanje?Veseli bomo va\u0161ega sporo\u010dila. Kontaktni podatki: Bandos d.o.o.Tr\u017ea\u0161ka ulica 73000 CeljeDDV \u0161tevilka:\u00a0SI34907254\u00a0E-mail: info@earth-flow.netTelefon: +386 69 662 432\u00a0IBAN: SI56 0400 1004 8834 930SWIFT\/BIC: KBMASI2X\u00a0Podporo nam nudi Inkubator Savinjske regije","og_url":"https:\/\/earth-flow.net\/ro\/kontakt\/","og_site_name":"Earth Flow \u2013 Produse de \u00eemp\u0103m\u00e2ntare pentru reconectarea cu energia P\u0103m\u00e2ntului.","article_modified_time":"2025-11-21T10:53:48+00:00","og_image":[{"width":888,"height":413,"url":"https:\/\/earth-flow.net\/ro\/wp-content\/uploads\/2025\/09\/logo.png","type":"image\/png"}],"twitter_card":"summary_large_image","twitter_misc":{"Timp estimat pentru citire":"1 minut"},"schema":{"@context":"https:\/\/schema.org","@graph":[{"@type":"WebPage","@id":"https:\/\/earth-flow.net\/ro\/kontakt\/","url":"https:\/\/earth-flow.net\/ro\/kontakt\/","name":"Kontakt - Earth Flow \u2013 Produse de \u00eemp\u0103m\u00e2ntare pentru reconectarea cu energia P\u0103m\u00e2ntului.","isPartOf":{"@id":"https:\/\/earth-flow.net\/ro\/#website"},"primaryImageOfPage":{"@id":"https:\/\/earth-flow.net\/ro\/kontakt\/#primaryimage"},"image":{"@id":"https:\/\/earth-flow.net\/ro\/kontakt\/#primaryimage"},"thumbnailUrl":"https:\/\/earth-flow.net\/ro\/wp-content\/uploads\/2025\/09\/logo-300x140.png","datePublished":"2022-03-23T09:25:42+00:00","dateModified":"2025-11-21T10:53:48+00:00","breadcrumb":{"@id":"https:\/\/earth-flow.net\/ro\/kontakt\/#breadcrumb"},"inLanguage":"ro-RO","potentialAction":[{"@type":"ReadAction","target":["https:\/\/earth-flow.net\/ro\/kontakt\/"]}]},{"@type":"ImageObject","inLanguage":"ro-RO","@id":"https:\/\/earth-flow.net\/ro\/kontakt\/#primaryimage","url":"https:\/\/earth-flow.net\/ro\/wp-content\/uploads\/2025\/09\/logo.png","contentUrl":"https:\/\/earth-flow.net\/ro\/wp-content\/uploads\/2025\/09\/logo.png","width":888,"height":413},{"@type":"BreadcrumbList","@id":"https:\/\/earth-flow.net\/ro\/kontakt\/#breadcrumb","itemListElement":[{"@type":"ListItem","position":1,"name":"Home","item":"https:\/\/earth-flow.net\/ro\/"},{"@type":"ListItem","position":2,"name":"Kontakt"}]},{"@type":"WebSite","@id":"https:\/\/earth-flow.net\/ro\/#website","url":"https:\/\/earth-flow.net\/ro\/","name":"Earth Flow \u2013 Produse de \u00eemp\u0103m\u00e2ntare pentru reconectarea cu energia P\u0103m\u00e2ntului.","description":"Produse de \u00eemp\u0103m\u00e2ntare pentru reconectarea omenirii cu energia P\u0103m\u00e2ntului.","publisher":{"@id":"https:\/\/earth-flow.net\/ro\/#organization"},"potentialAction":[{"@type":"SearchAction","target":{"@type":"EntryPoint","urlTemplate":"https:\/\/earth-flow.net\/ro\/?s={search_term_string}"},"query-input":{"@type":"PropertyValueSpecification","valueRequired":true,"valueName":"search_term_string"}}],"inLanguage":"ro-RO"},{"@type":"Organization","@id":"https:\/\/earth-flow.net\/ro\/#organization","name":"Earth Flow \u2013 Produse de \u00eemp\u0103m\u00e2ntare pentru reconectarea cu energia P\u0103m\u00e2ntului.","url":"https:\/\/earth-flow.net\/ro\/","logo":{"@type":"ImageObject","inLanguage":"ro-RO","@id":"https:\/\/earth-flow.net\/ro\/#\/schema\/logo\/image\/","url":"https:\/\/earth-flow.net\/ro\/wp-content\/uploads\/2021\/04\/Earth-Flow_logo-lez\u030cec\u030ci-1_700px.png","contentUrl":"https:\/\/earth-flow.net\/ro\/wp-content\/uploads\/2021\/04\/Earth-Flow_logo-lez\u030cec\u030ci-1_700px.png","width":700,"height":152,"caption":"Earth Flow \u2013 Produse de \u00eemp\u0103m\u00e2ntare pentru reconectarea cu energia P\u0103m\u00e2ntului."},"image":{"@id":"https:\/\/earth-flow.net\/ro\/#\/schema\/logo\/image\/"}}]}},"_links":{"self":[{"href":"https:\/\/earth-flow.net\/ro\/wp-json\/wp\/v2\/pages\/1095","targetHints":{"allow":["GET"]}}],"collection":[{"href":"https:\/\/earth-flow.net\/ro\/wp-json\/wp\/v2\/pages"}],"about":[{"href":"https:\/\/earth-flow.net\/ro\/wp-json\/wp\/v2\/types\/page"}],"author":[{"embeddable":true,"href":"https:\/\/earth-flow.net\/ro\/wp-json\/wp\/v2\/users\/1"}],"replies":[{"embeddable":true,"href":"https:\/\/earth-flow.net\/ro\/wp-json\/wp\/v2\/comments?post=1095"}],"version-history":[{"count":0,"href":"https:\/\/earth-flow.net\/ro\/wp-json\/wp\/v2\/pages\/1095\/revisions"}],"wp:attachment":[{"href":"https:\/\/earth-flow.net\/ro\/wp-json\/wp\/v2\/media?parent=1095"}],"curies":[{"name":"wp","href":"https:\/\/api.w.org\/{rel}","templated":true}]}}