{"id":3986,"date":"2025-05-15T07:46:30","date_gmt":"2025-05-15T07:46:30","guid":{"rendered":"https:\/\/earth-flow.net\/lt\/?page_id=3986"},"modified":"2026-04-14T09:31:35","modified_gmt":"2026-04-14T08:31:35","slug":"garancijski-pogoji","status":"publish","type":"page","link":"https:\/\/earth-flow.net\/lt\/garancijski-pogoji\/","title":{"rendered":"Garancijski pogoji"},"content":{"rendered":"<p>Izdelek: Ozemljitvena rjuha in ozemljitvena podloga Earth Flow<\/p>\n<p>Proizvajalec in prodajalec:<br \/>\nBandos d.o.o.<br \/>\nTr\u017ea\u0161ka cesta 7<br \/>\n3000 Celje<br \/>\nSlovenia (EU)<br \/>\nE: info@earth-flow.net<br \/>\nW: www.earth-flow.net<\/p>\n<p>&nbsp;<\/p>\n<p><strong>1. Trajanje garancije<\/strong><\/p>\n<p>Garancija velja 2 leti od dneva nakupa izdelka in krije morebitne napake v materialu ali izdelavi. \u017divljenjska doba ozemljitvene rjuhe je ob pravilni uporabi ocenjena na pribli\u017eno 10 let.<\/p>\n<p><strong>2. Kaj krije garancija<\/strong><br \/>\nGarancija krije:<br \/>\n&#8211; po\u0161kodbe srebrnih nitk zaradi tovarni\u0161ke napake,<br \/>\n&#8211; okvare kabla ali priklju\u010dkov, ki niso posledica napa\u010dne uporabe,<br \/>\n&#8211; napake v \u0161ivu ali izdelavi tkanine, ki vplivajo na funkcionalnost rjuhe.<\/p>\n<p><strong>3. Kaj garancija ne krije<\/strong><\/p>\n<p>Garancija ne krije:<br \/>\n&#8211; po\u0161kodb, nastalih zaradi nepravilnega vzdr\u017eevanja ali pranja (npr. uporaba agresivnih detergentov),<br \/>\n&#8211; mehanskih po\u0161kodb zaradi nepravilne uporabe,<br \/>\n&#8211; normalne obrabe tkanine skozi \u010das,<br \/>\n&#8211; subjektivnega zaznavanja u\u010dinka ozemljevanja (ker gre za individualno energijsko izku\u0161njo). Ker gre za individualno energijsko izku\u0161njo, <strong data-start=\"337\" data-end=\"380\">na u\u010dinek kot tak, garancije ne ponujamo<\/strong>, saj se odzivi uporabnikov razlikujejo glede na telesno in energetsko ob\u010dutljivost.<\/p>\n<p><strong>4. Uveljavljanje garancije<\/strong><\/p>\n<p>V primeru uveljavljanja garancije:<br \/>\n&#8211; po\u0161ljite e-po\u0161to na info@earth-flow.net z opisom te\u017eave in dokazilom o nakupu (ra\u010dun),<br \/>\n&#8211; po potrebi boste pozvani k vra\u010dilu izdelka v pregled.<br \/>\nV primeru upravi\u010denosti do garancijskega zahtevka bo izdelek brezpla\u010dno popravljen ali zamenjan, stro\u0161ke po\u0161iljanja krije kupec, razen v primeru napake na strani proizvajalca.<\/p>\n<p><strong>5. Navodila za uporabo in vzdr\u017eevanje<\/strong><\/p>\n<p>Napisana na listku na samem izdelki in v navodilih.<\/p>\n<p><strong>6. Veljavnost<\/strong><\/p>\n<p>Ti garancijski pogoji veljajo za vse nakupe od dne 15. 5. 2025 naprej.<\/p>\n<p>&nbsp;<\/p>\n<p>Bandos d.o.o. si pridr\u017euje pravico do spremembe garancijskih pogojev brez predhodnega obvestila.<\/p>\n","protected":false},"excerpt":{"rendered":"<p>Izdelek: Ozemljitvena rjuha in ozemljitvena podloga Earth Flow Proizvajalec in prodajalec: Bandos d.o.o. Tr\u017ea\u0161ka cesta 7 3000 Celje Slovenia (EU) E: info@earth-flow.net W: www.earth-flow.net &nbsp; 1. Trajanje garancije Garancija velja 2 leti od dneva nakupa izdelka in krije morebitne napake v materialu ali izdelavi. \u017divljenjska doba ozemljitvene rjuhe je ob pravilni uporabi ocenjena na pribli\u017eno [&hellip;]<\/p>\n","protected":false},"author":1,"featured_media":0,"parent":0,"menu_order":0,"comment_status":"closed","ping_status":"closed","template":"","meta":{"footnotes":""},"class_list":["post-3986","page","type-page","status-publish","hentry"],"yoast_head":"<!-- This site is optimized with the Yoast SEO plugin v27.4 - https:\/\/yoast.com\/product\/yoast-seo-wordpress\/ -->\n<title>Garancijski pogoji - Earth Flow \u2013 \u012e\u017eeminimo produktai, skirti atkurti ry\u0161\u012f su \u017dem\u0117s energija.<\/title>\n<meta name=\"robots\" content=\"index, follow, max-snippet:-1, max-image-preview:large, max-video-preview:-1\" \/>\n<link rel=\"canonical\" href=\"https:\/\/earth-flow.net\/lt\/garancijski-pogoji\/\" \/>\n<meta property=\"og:locale\" content=\"lt_LT\" \/>\n<meta property=\"og:type\" content=\"article\" \/>\n<meta property=\"og:title\" content=\"Garancijski pogoji - Earth Flow \u2013 \u012e\u017eeminimo produktai, skirti atkurti ry\u0161\u012f su \u017dem\u0117s energija.\" \/>\n<meta property=\"og:description\" content=\"Izdelek: Ozemljitvena rjuha in ozemljitvena podloga Earth Flow Proizvajalec in prodajalec: Bandos d.o.o. Tr\u017ea\u0161ka cesta 7 3000 Celje Slovenia (EU) E: info@earth-flow.net W: www.earth-flow.net &nbsp; 1. Trajanje garancije Garancija velja 2 leti od dneva nakupa izdelka in krije morebitne napake v materialu ali izdelavi. \u017divljenjska doba ozemljitvene rjuhe je ob pravilni uporabi ocenjena na pribli\u017eno [&hellip;]\" \/>\n<meta property=\"og:url\" content=\"https:\/\/earth-flow.net\/lt\/garancijski-pogoji\/\" \/>\n<meta property=\"og:site_name\" content=\"Earth Flow \u2013 \u012e\u017eeminimo produktai, skirti atkurti ry\u0161\u012f su \u017dem\u0117s energija.\" \/>\n<meta property=\"article:modified_time\" content=\"2026-04-14T08:31:35+00:00\" \/>\n<meta name=\"twitter:card\" content=\"summary_large_image\" \/>\n<meta name=\"twitter:label1\" content=\"Est. reading time\" \/>\n\t<meta name=\"twitter:data1\" content=\"2 minut\u0117s\" \/>\n<script type=\"application\/ld+json\" class=\"yoast-schema-graph\">{\"@context\":\"https:\\\/\\\/schema.org\",\"@graph\":[{\"@type\":\"WebPage\",\"@id\":\"https:\\\/\\\/earth-flow.net\\\/lt\\\/garancijski-pogoji\\\/\",\"url\":\"https:\\\/\\\/earth-flow.net\\\/lt\\\/garancijski-pogoji\\\/\",\"name\":\"Garancijski pogoji - Earth Flow \u2013 \u012e\u017eeminimo produktai, skirti atkurti ry\u0161\u012f su \u017dem\u0117s energija.\",\"isPartOf\":{\"@id\":\"https:\\\/\\\/earth-flow.net\\\/lt\\\/#website\"},\"datePublished\":\"2025-05-15T07:46:30+00:00\",\"dateModified\":\"2026-04-14T08:31:35+00:00\",\"breadcrumb\":{\"@id\":\"https:\\\/\\\/earth-flow.net\\\/lt\\\/garancijski-pogoji\\\/#breadcrumb\"},\"inLanguage\":\"lt-LT\",\"potentialAction\":[{\"@type\":\"ReadAction\",\"target\":[\"https:\\\/\\\/earth-flow.net\\\/lt\\\/garancijski-pogoji\\\/\"]}]},{\"@type\":\"BreadcrumbList\",\"@id\":\"https:\\\/\\\/earth-flow.net\\\/lt\\\/garancijski-pogoji\\\/#breadcrumb\",\"itemListElement\":[{\"@type\":\"ListItem\",\"position\":1,\"name\":\"Home\",\"item\":\"https:\\\/\\\/earth-flow.net\\\/lt\\\/\"},{\"@type\":\"ListItem\",\"position\":2,\"name\":\"Garancijski pogoji\"}]},{\"@type\":\"WebSite\",\"@id\":\"https:\\\/\\\/earth-flow.net\\\/lt\\\/#website\",\"url\":\"https:\\\/\\\/earth-flow.net\\\/lt\\\/\",\"name\":\"Earth Flow \u2013 \u012e\u017eeminimo produktai, skirti atkurti ry\u0161\u012f su \u017dem\u0117s energija.\",\"description\":\"\u012e\u017eeminimo priemon\u0117s \u017emonijos ry\u0161iui su \u017dem\u0117s energija atkurti.\",\"publisher\":{\"@id\":\"https:\\\/\\\/earth-flow.net\\\/lt\\\/#organization\"},\"potentialAction\":[{\"@type\":\"SearchAction\",\"target\":{\"@type\":\"EntryPoint\",\"urlTemplate\":\"https:\\\/\\\/earth-flow.net\\\/lt\\\/?s={search_term_string}\"},\"query-input\":{\"@type\":\"PropertyValueSpecification\",\"valueRequired\":true,\"valueName\":\"search_term_string\"}}],\"inLanguage\":\"lt-LT\"},{\"@type\":\"Organization\",\"@id\":\"https:\\\/\\\/earth-flow.net\\\/lt\\\/#organization\",\"name\":\"Earth Flow \u2013 \u012e\u017eeminimo produktai, skirti atkurti ry\u0161\u012f su \u017dem\u0117s energija.\",\"url\":\"https:\\\/\\\/earth-flow.net\\\/lt\\\/\",\"logo\":{\"@type\":\"ImageObject\",\"inLanguage\":\"lt-LT\",\"@id\":\"https:\\\/\\\/earth-flow.net\\\/lt\\\/#\\\/schema\\\/logo\\\/image\\\/\",\"url\":\"https:\\\/\\\/earth-flow.net\\\/lt\\\/wp-content\\\/uploads\\\/2021\\\/04\\\/Earth-Flow_logo-lez\u030cec\u030ci-1_700px.png\",\"contentUrl\":\"https:\\\/\\\/earth-flow.net\\\/lt\\\/wp-content\\\/uploads\\\/2021\\\/04\\\/Earth-Flow_logo-lez\u030cec\u030ci-1_700px.png\",\"width\":700,\"height\":152,\"caption\":\"Earth Flow \u2013 \u012e\u017eeminimo produktai, skirti atkurti ry\u0161\u012f su \u017dem\u0117s energija.\"},\"image\":{\"@id\":\"https:\\\/\\\/earth-flow.net\\\/lt\\\/#\\\/schema\\\/logo\\\/image\\\/\"}}]}<\/script>\n<!-- \/ Yoast SEO plugin. -->","yoast_head_json":{"title":"Garancijski pogoji - Earth Flow \u2013 \u012e\u017eeminimo produktai, skirti atkurti ry\u0161\u012f su \u017dem\u0117s energija.","robots":{"index":"index","follow":"follow","max-snippet":"max-snippet:-1","max-image-preview":"max-image-preview:large","max-video-preview":"max-video-preview:-1"},"canonical":"https:\/\/earth-flow.net\/lt\/garancijski-pogoji\/","og_locale":"lt_LT","og_type":"article","og_title":"Garancijski pogoji - Earth Flow \u2013 \u012e\u017eeminimo produktai, skirti atkurti ry\u0161\u012f su \u017dem\u0117s energija.","og_description":"Izdelek: Ozemljitvena rjuha in ozemljitvena podloga Earth Flow Proizvajalec in prodajalec: Bandos d.o.o. Tr\u017ea\u0161ka cesta 7 3000 Celje Slovenia (EU) E: info@earth-flow.net W: www.earth-flow.net &nbsp; 1. Trajanje garancije Garancija velja 2 leti od dneva nakupa izdelka in krije morebitne napake v materialu ali izdelavi. \u017divljenjska doba ozemljitvene rjuhe je ob pravilni uporabi ocenjena na pribli\u017eno [&hellip;]","og_url":"https:\/\/earth-flow.net\/lt\/garancijski-pogoji\/","og_site_name":"Earth Flow \u2013 \u012e\u017eeminimo produktai, skirti atkurti ry\u0161\u012f su \u017dem\u0117s energija.","article_modified_time":"2026-04-14T08:31:35+00:00","twitter_card":"summary_large_image","twitter_misc":{"Est. reading time":"2 minut\u0117s"},"schema":{"@context":"https:\/\/schema.org","@graph":[{"@type":"WebPage","@id":"https:\/\/earth-flow.net\/lt\/garancijski-pogoji\/","url":"https:\/\/earth-flow.net\/lt\/garancijski-pogoji\/","name":"Garancijski pogoji - Earth Flow \u2013 \u012e\u017eeminimo produktai, skirti atkurti ry\u0161\u012f su \u017dem\u0117s energija.","isPartOf":{"@id":"https:\/\/earth-flow.net\/lt\/#website"},"datePublished":"2025-05-15T07:46:30+00:00","dateModified":"2026-04-14T08:31:35+00:00","breadcrumb":{"@id":"https:\/\/earth-flow.net\/lt\/garancijski-pogoji\/#breadcrumb"},"inLanguage":"lt-LT","potentialAction":[{"@type":"ReadAction","target":["https:\/\/earth-flow.net\/lt\/garancijski-pogoji\/"]}]},{"@type":"BreadcrumbList","@id":"https:\/\/earth-flow.net\/lt\/garancijski-pogoji\/#breadcrumb","itemListElement":[{"@type":"ListItem","position":1,"name":"Home","item":"https:\/\/earth-flow.net\/lt\/"},{"@type":"ListItem","position":2,"name":"Garancijski pogoji"}]},{"@type":"WebSite","@id":"https:\/\/earth-flow.net\/lt\/#website","url":"https:\/\/earth-flow.net\/lt\/","name":"Earth Flow \u2013 \u012e\u017eeminimo produktai, skirti atkurti ry\u0161\u012f su \u017dem\u0117s energija.","description":"\u012e\u017eeminimo priemon\u0117s \u017emonijos ry\u0161iui su \u017dem\u0117s energija atkurti.","publisher":{"@id":"https:\/\/earth-flow.net\/lt\/#organization"},"potentialAction":[{"@type":"SearchAction","target":{"@type":"EntryPoint","urlTemplate":"https:\/\/earth-flow.net\/lt\/?s={search_term_string}"},"query-input":{"@type":"PropertyValueSpecification","valueRequired":true,"valueName":"search_term_string"}}],"inLanguage":"lt-LT"},{"@type":"Organization","@id":"https:\/\/earth-flow.net\/lt\/#organization","name":"Earth Flow \u2013 \u012e\u017eeminimo produktai, skirti atkurti ry\u0161\u012f su \u017dem\u0117s energija.","url":"https:\/\/earth-flow.net\/lt\/","logo":{"@type":"ImageObject","inLanguage":"lt-LT","@id":"https:\/\/earth-flow.net\/lt\/#\/schema\/logo\/image\/","url":"https:\/\/earth-flow.net\/lt\/wp-content\/uploads\/2021\/04\/Earth-Flow_logo-lez\u030cec\u030ci-1_700px.png","contentUrl":"https:\/\/earth-flow.net\/lt\/wp-content\/uploads\/2021\/04\/Earth-Flow_logo-lez\u030cec\u030ci-1_700px.png","width":700,"height":152,"caption":"Earth Flow \u2013 \u012e\u017eeminimo produktai, skirti atkurti ry\u0161\u012f su \u017dem\u0117s energija."},"image":{"@id":"https:\/\/earth-flow.net\/lt\/#\/schema\/logo\/image\/"}}]}},"_links":{"self":[{"href":"https:\/\/earth-flow.net\/lt\/wp-json\/wp\/v2\/pages\/3986","targetHints":{"allow":["GET"]}}],"collection":[{"href":"https:\/\/earth-flow.net\/lt\/wp-json\/wp\/v2\/pages"}],"about":[{"href":"https:\/\/earth-flow.net\/lt\/wp-json\/wp\/v2\/types\/page"}],"author":[{"embeddable":true,"href":"https:\/\/earth-flow.net\/lt\/wp-json\/wp\/v2\/users\/1"}],"replies":[{"embeddable":true,"href":"https:\/\/earth-flow.net\/lt\/wp-json\/wp\/v2\/comments?post=3986"}],"version-history":[{"count":3,"href":"https:\/\/earth-flow.net\/lt\/wp-json\/wp\/v2\/pages\/3986\/revisions"}],"predecessor-version":[{"id":5746,"href":"https:\/\/earth-flow.net\/lt\/wp-json\/wp\/v2\/pages\/3986\/revisions\/5746"}],"wp:attachment":[{"href":"https:\/\/earth-flow.net\/lt\/wp-json\/wp\/v2\/media?parent=3986"}],"curies":[{"name":"wp","href":"https:\/\/api.w.org\/{rel}","templated":true}]}}