{"id":3817,"date":"2025-01-31T05:36:26","date_gmt":"2025-01-31T05:36:26","guid":{"rendered":"https:\/\/earth-flow.net\/lt\/?page_id=3817"},"modified":"2025-06-17T11:15:04","modified_gmt":"2025-06-17T11:15:04","slug":"veleprodaja","status":"publish","type":"page","link":"https:\/\/earth-flow.net\/lt\/veleprodaja\/","title":{"rendered":"Veleprodaja &#8211; B2B"},"content":{"rendered":"\t\t<div data-elementor-type=\"wp-page\" data-elementor-id=\"3817\" class=\"elementor elementor-3817\" data-elementor-post-type=\"page\">\n\t\t\t\t\t\t<section class=\"elementor-section elementor-top-section elementor-element elementor-element-1775940 elementor-section-boxed elementor-section-height-default elementor-section-height-default\" data-id=\"1775940\" data-element_type=\"section\" data-e-type=\"section\">\n\t\t\t\t\t\t<div class=\"elementor-container elementor-column-gap-default\">\n\t\t\t\t\t<div class=\"elementor-column elementor-col-100 elementor-top-column elementor-element elementor-element-43b199a\" data-id=\"43b199a\" data-element_type=\"column\" data-e-type=\"column\">\n\t\t\t<div class=\"elementor-widget-wrap elementor-element-populated\">\n\t\t\t\t\t\t<div class=\"elementor-element elementor-element-4283f22 elementor-widget elementor-widget-heading\" data-id=\"4283f22\" data-element_type=\"widget\" data-e-type=\"widget\" data-widget_type=\"heading.default\">\n\t\t\t\t<div class=\"elementor-widget-container\">\n\t\t\t\t\t<h1 class=\"elementor-heading-title elementor-size-default\">Veleprodaja - B2B<\/h1>\t\t\t\t<\/div>\n\t\t\t\t<\/div>\n\t\t\t\t\t<\/div>\n\t\t<\/div>\n\t\t\t\t\t<\/div>\n\t\t<\/section>\n\t\t\t\t<section class=\"elementor-section elementor-top-section elementor-element elementor-element-37937b09 elementor-section-boxed elementor-section-height-default elementor-section-height-default\" data-id=\"37937b09\" data-element_type=\"section\" data-e-type=\"section\">\n\t\t\t\t\t\t<div class=\"elementor-container elementor-column-gap-default\">\n\t\t\t\t\t<div class=\"elementor-column elementor-col-100 elementor-top-column elementor-element elementor-element-60ef1343\" data-id=\"60ef1343\" data-element_type=\"column\" data-e-type=\"column\">\n\t\t\t<div class=\"elementor-widget-wrap elementor-element-populated\">\n\t\t\t\t\t\t<div class=\"elementor-element elementor-element-20d3e127 elementor-widget elementor-widget-text-editor\" data-id=\"20d3e127\" data-element_type=\"widget\" data-e-type=\"widget\" data-widget_type=\"text-editor.default\">\n\t\t\t\t<div class=\"elementor-widget-container\">\n\t\t\t\t\t\t\t\t\t<p>Ste <b>podjetje<\/b> in bi \u017eeleli kupiti na\u0161e izdelke <b>po veleprodajnih cenah?<\/b><\/p>\n<p><b>Omogo\u010damo:<\/b><\/p>\n<ul>\n<li><b>klasi\u010dno veleprodajo<\/b>, kjer vi odkupite izdelke na zalogo in&nbsp;<\/li>\n<li><b>dropshipping partnerski program (vi dobite provizijo)<\/b>, kjer vam ni potrebno imeti zaloge in se po\u0161lje posamezen izdelek od nas direktno do vas ali do va\u0161e stranke (primerno za alternativne zdravilce, joga studie, &#8230;)<\/li>\n<\/ul>\t\t\t\t\t\t\t\t<\/div>\n\t\t\t\t<\/div>\n\t\t\t\t<div class=\"elementor-element elementor-element-c06594d elementor-widget elementor-widget-heading\" data-id=\"c06594d\" data-element_type=\"widget\" data-e-type=\"widget\" data-widget_type=\"heading.default\">\n\t\t\t\t<div class=\"elementor-widget-container\">\n\t\t\t\t\t<h2 class=\"elementor-heading-title elementor-size-default\">Kontaktirajte nas<\/h2>\t\t\t\t<\/div>\n\t\t\t\t<\/div>\n\t\t\t\t<div class=\"elementor-element elementor-element-f417a63 elementor-widget__width-initial elementor-widget elementor-widget-text-editor\" data-id=\"f417a63\" data-element_type=\"widget\" data-e-type=\"widget\" data-widget_type=\"text-editor.default\">\n\t\t\t\t<div class=\"elementor-widget-container\">\n\t\t\t\t\t\t\t\t\t<p style=\"text-align: center;\"><b>Kontaktirajte nas na:<\/b>\u00a0<a href=\"mailto:veleprodaja@earth-flow.net\">veleprodaja@earth-flow.net<\/a>\u00a0ali na <a href=\"http:\/\/tel:0038669662432\/\">+386 69 662 432<\/a>.<\/p>\t\t\t\t\t\t\t\t<\/div>\n\t\t\t\t<\/div>\n\t\t\t\t\t<\/div>\n\t\t<\/div>\n\t\t\t\t\t<\/div>\n\t\t<\/section>\n\t\t\t\t<\/div>\n\t\t","protected":false},"excerpt":{"rendered":"<p>Veleprodaja &#8211; B2B Ste podjetje in bi \u017eeleli kupiti na\u0161e izdelke po veleprodajnih cenah? Omogo\u010damo: klasi\u010dno veleprodajo, kjer vi odkupite izdelke na zalogo in&nbsp; dropshipping partnerski program (vi dobite provizijo), kjer vam ni potrebno imeti zaloge in se po\u0161lje posamezen izdelek od nas direktno do vas ali do va\u0161e stranke (primerno za alternativne zdravilce, joga [&hellip;]<\/p>\n","protected":false},"author":1,"featured_media":0,"parent":0,"menu_order":0,"comment_status":"closed","ping_status":"closed","template":"","meta":{"footnotes":""},"class_list":["post-3817","page","type-page","status-publish","hentry"],"yoast_head":"<!-- This site is optimized with the Yoast SEO plugin v27.4 - https:\/\/yoast.com\/product\/yoast-seo-wordpress\/ -->\n<title>Veleprodaja - B2B - Earth Flow \u2013 \u012e\u017eeminimo produktai, skirti atkurti ry\u0161\u012f su \u017dem\u0117s energija.<\/title>\n<meta name=\"robots\" content=\"index, follow, max-snippet:-1, max-image-preview:large, max-video-preview:-1\" \/>\n<link rel=\"canonical\" href=\"https:\/\/earth-flow.net\/lt\/veleprodaja\/\" \/>\n<meta property=\"og:locale\" content=\"lt_LT\" \/>\n<meta property=\"og:type\" content=\"article\" \/>\n<meta property=\"og:title\" content=\"Veleprodaja - B2B - Earth Flow \u2013 \u012e\u017eeminimo produktai, skirti atkurti ry\u0161\u012f su \u017dem\u0117s energija.\" \/>\n<meta property=\"og:description\" content=\"Veleprodaja &#8211; B2B Ste podjetje in bi \u017eeleli kupiti na\u0161e izdelke po veleprodajnih cenah? Omogo\u010damo: klasi\u010dno veleprodajo, kjer vi odkupite izdelke na zalogo in&nbsp; dropshipping partnerski program (vi dobite provizijo), kjer vam ni potrebno imeti zaloge in se po\u0161lje posamezen izdelek od nas direktno do vas ali do va\u0161e stranke (primerno za alternativne zdravilce, joga [&hellip;]\" \/>\n<meta property=\"og:url\" content=\"https:\/\/earth-flow.net\/lt\/veleprodaja\/\" \/>\n<meta property=\"og:site_name\" content=\"Earth Flow \u2013 \u012e\u017eeminimo produktai, skirti atkurti ry\u0161\u012f su \u017dem\u0117s energija.\" \/>\n<meta property=\"article:modified_time\" content=\"2025-06-17T11:15:04+00:00\" \/>\n<meta name=\"twitter:card\" content=\"summary_large_image\" \/>\n<meta name=\"twitter:label1\" content=\"Est. reading time\" \/>\n\t<meta name=\"twitter:data1\" content=\"1 minut\u0117\" \/>\n<script type=\"application\/ld+json\" class=\"yoast-schema-graph\">{\"@context\":\"https:\\\/\\\/schema.org\",\"@graph\":[{\"@type\":\"WebPage\",\"@id\":\"https:\\\/\\\/earth-flow.net\\\/lt\\\/veleprodaja\\\/\",\"url\":\"https:\\\/\\\/earth-flow.net\\\/lt\\\/veleprodaja\\\/\",\"name\":\"Veleprodaja - B2B - Earth Flow \u2013 \u012e\u017eeminimo produktai, skirti atkurti ry\u0161\u012f su \u017dem\u0117s energija.\",\"isPartOf\":{\"@id\":\"https:\\\/\\\/earth-flow.net\\\/lt\\\/#website\"},\"datePublished\":\"2025-01-31T05:36:26+00:00\",\"dateModified\":\"2025-06-17T11:15:04+00:00\",\"breadcrumb\":{\"@id\":\"https:\\\/\\\/earth-flow.net\\\/lt\\\/veleprodaja\\\/#breadcrumb\"},\"inLanguage\":\"lt-LT\",\"potentialAction\":[{\"@type\":\"ReadAction\",\"target\":[\"https:\\\/\\\/earth-flow.net\\\/lt\\\/veleprodaja\\\/\"]}]},{\"@type\":\"BreadcrumbList\",\"@id\":\"https:\\\/\\\/earth-flow.net\\\/lt\\\/veleprodaja\\\/#breadcrumb\",\"itemListElement\":[{\"@type\":\"ListItem\",\"position\":1,\"name\":\"Home\",\"item\":\"https:\\\/\\\/earth-flow.net\\\/lt\\\/\"},{\"@type\":\"ListItem\",\"position\":2,\"name\":\"Veleprodaja &#8211; B2B\"}]},{\"@type\":\"WebSite\",\"@id\":\"https:\\\/\\\/earth-flow.net\\\/lt\\\/#website\",\"url\":\"https:\\\/\\\/earth-flow.net\\\/lt\\\/\",\"name\":\"Earth Flow \u2013 \u012e\u017eeminimo produktai, skirti atkurti ry\u0161\u012f su \u017dem\u0117s energija.\",\"description\":\"\u012e\u017eeminimo priemon\u0117s \u017emonijos ry\u0161iui su \u017dem\u0117s energija atkurti.\",\"publisher\":{\"@id\":\"https:\\\/\\\/earth-flow.net\\\/lt\\\/#organization\"},\"potentialAction\":[{\"@type\":\"SearchAction\",\"target\":{\"@type\":\"EntryPoint\",\"urlTemplate\":\"https:\\\/\\\/earth-flow.net\\\/lt\\\/?s={search_term_string}\"},\"query-input\":{\"@type\":\"PropertyValueSpecification\",\"valueRequired\":true,\"valueName\":\"search_term_string\"}}],\"inLanguage\":\"lt-LT\"},{\"@type\":\"Organization\",\"@id\":\"https:\\\/\\\/earth-flow.net\\\/lt\\\/#organization\",\"name\":\"Earth Flow \u2013 \u012e\u017eeminimo produktai, skirti atkurti ry\u0161\u012f su \u017dem\u0117s energija.\",\"url\":\"https:\\\/\\\/earth-flow.net\\\/lt\\\/\",\"logo\":{\"@type\":\"ImageObject\",\"inLanguage\":\"lt-LT\",\"@id\":\"https:\\\/\\\/earth-flow.net\\\/lt\\\/#\\\/schema\\\/logo\\\/image\\\/\",\"url\":\"https:\\\/\\\/earth-flow.net\\\/lt\\\/wp-content\\\/uploads\\\/2021\\\/04\\\/Earth-Flow_logo-lez\u030cec\u030ci-1_700px.png\",\"contentUrl\":\"https:\\\/\\\/earth-flow.net\\\/lt\\\/wp-content\\\/uploads\\\/2021\\\/04\\\/Earth-Flow_logo-lez\u030cec\u030ci-1_700px.png\",\"width\":700,\"height\":152,\"caption\":\"Earth Flow \u2013 \u012e\u017eeminimo produktai, skirti atkurti ry\u0161\u012f su \u017dem\u0117s energija.\"},\"image\":{\"@id\":\"https:\\\/\\\/earth-flow.net\\\/lt\\\/#\\\/schema\\\/logo\\\/image\\\/\"}}]}<\/script>\n<!-- \/ Yoast SEO plugin. -->","yoast_head_json":{"title":"Veleprodaja - B2B - Earth Flow \u2013 \u012e\u017eeminimo produktai, skirti atkurti ry\u0161\u012f su \u017dem\u0117s energija.","robots":{"index":"index","follow":"follow","max-snippet":"max-snippet:-1","max-image-preview":"max-image-preview:large","max-video-preview":"max-video-preview:-1"},"canonical":"https:\/\/earth-flow.net\/lt\/veleprodaja\/","og_locale":"lt_LT","og_type":"article","og_title":"Veleprodaja - B2B - Earth Flow \u2013 \u012e\u017eeminimo produktai, skirti atkurti ry\u0161\u012f su \u017dem\u0117s energija.","og_description":"Veleprodaja &#8211; B2B Ste podjetje in bi \u017eeleli kupiti na\u0161e izdelke po veleprodajnih cenah? Omogo\u010damo: klasi\u010dno veleprodajo, kjer vi odkupite izdelke na zalogo in&nbsp; dropshipping partnerski program (vi dobite provizijo), kjer vam ni potrebno imeti zaloge in se po\u0161lje posamezen izdelek od nas direktno do vas ali do va\u0161e stranke (primerno za alternativne zdravilce, joga [&hellip;]","og_url":"https:\/\/earth-flow.net\/lt\/veleprodaja\/","og_site_name":"Earth Flow \u2013 \u012e\u017eeminimo produktai, skirti atkurti ry\u0161\u012f su \u017dem\u0117s energija.","article_modified_time":"2025-06-17T11:15:04+00:00","twitter_card":"summary_large_image","twitter_misc":{"Est. reading time":"1 minut\u0117"},"schema":{"@context":"https:\/\/schema.org","@graph":[{"@type":"WebPage","@id":"https:\/\/earth-flow.net\/lt\/veleprodaja\/","url":"https:\/\/earth-flow.net\/lt\/veleprodaja\/","name":"Veleprodaja - B2B - Earth Flow \u2013 \u012e\u017eeminimo produktai, skirti atkurti ry\u0161\u012f su \u017dem\u0117s energija.","isPartOf":{"@id":"https:\/\/earth-flow.net\/lt\/#website"},"datePublished":"2025-01-31T05:36:26+00:00","dateModified":"2025-06-17T11:15:04+00:00","breadcrumb":{"@id":"https:\/\/earth-flow.net\/lt\/veleprodaja\/#breadcrumb"},"inLanguage":"lt-LT","potentialAction":[{"@type":"ReadAction","target":["https:\/\/earth-flow.net\/lt\/veleprodaja\/"]}]},{"@type":"BreadcrumbList","@id":"https:\/\/earth-flow.net\/lt\/veleprodaja\/#breadcrumb","itemListElement":[{"@type":"ListItem","position":1,"name":"Home","item":"https:\/\/earth-flow.net\/lt\/"},{"@type":"ListItem","position":2,"name":"Veleprodaja &#8211; B2B"}]},{"@type":"WebSite","@id":"https:\/\/earth-flow.net\/lt\/#website","url":"https:\/\/earth-flow.net\/lt\/","name":"Earth Flow \u2013 \u012e\u017eeminimo produktai, skirti atkurti ry\u0161\u012f su \u017dem\u0117s energija.","description":"\u012e\u017eeminimo priemon\u0117s \u017emonijos ry\u0161iui su \u017dem\u0117s energija atkurti.","publisher":{"@id":"https:\/\/earth-flow.net\/lt\/#organization"},"potentialAction":[{"@type":"SearchAction","target":{"@type":"EntryPoint","urlTemplate":"https:\/\/earth-flow.net\/lt\/?s={search_term_string}"},"query-input":{"@type":"PropertyValueSpecification","valueRequired":true,"valueName":"search_term_string"}}],"inLanguage":"lt-LT"},{"@type":"Organization","@id":"https:\/\/earth-flow.net\/lt\/#organization","name":"Earth Flow \u2013 \u012e\u017eeminimo produktai, skirti atkurti ry\u0161\u012f su \u017dem\u0117s energija.","url":"https:\/\/earth-flow.net\/lt\/","logo":{"@type":"ImageObject","inLanguage":"lt-LT","@id":"https:\/\/earth-flow.net\/lt\/#\/schema\/logo\/image\/","url":"https:\/\/earth-flow.net\/lt\/wp-content\/uploads\/2021\/04\/Earth-Flow_logo-lez\u030cec\u030ci-1_700px.png","contentUrl":"https:\/\/earth-flow.net\/lt\/wp-content\/uploads\/2021\/04\/Earth-Flow_logo-lez\u030cec\u030ci-1_700px.png","width":700,"height":152,"caption":"Earth Flow \u2013 \u012e\u017eeminimo produktai, skirti atkurti ry\u0161\u012f su \u017dem\u0117s energija."},"image":{"@id":"https:\/\/earth-flow.net\/lt\/#\/schema\/logo\/image\/"}}]}},"_links":{"self":[{"href":"https:\/\/earth-flow.net\/lt\/wp-json\/wp\/v2\/pages\/3817","targetHints":{"allow":["GET"]}}],"collection":[{"href":"https:\/\/earth-flow.net\/lt\/wp-json\/wp\/v2\/pages"}],"about":[{"href":"https:\/\/earth-flow.net\/lt\/wp-json\/wp\/v2\/types\/page"}],"author":[{"embeddable":true,"href":"https:\/\/earth-flow.net\/lt\/wp-json\/wp\/v2\/users\/1"}],"replies":[{"embeddable":true,"href":"https:\/\/earth-flow.net\/lt\/wp-json\/wp\/v2\/comments?post=3817"}],"version-history":[{"count":2,"href":"https:\/\/earth-flow.net\/lt\/wp-json\/wp\/v2\/pages\/3817\/revisions"}],"predecessor-version":[{"id":4279,"href":"https:\/\/earth-flow.net\/lt\/wp-json\/wp\/v2\/pages\/3817\/revisions\/4279"}],"wp:attachment":[{"href":"https:\/\/earth-flow.net\/lt\/wp-json\/wp\/v2\/media?parent=3817"}],"curies":[{"name":"wp","href":"https:\/\/api.w.org\/{rel}","templated":true}]}}