{"id":1086,"date":"2022-03-23T09:14:40","date_gmt":"2022-03-23T09:14:40","guid":{"rendered":"https:\/\/earth-flow.net\/lt\/?page_id=1086"},"modified":"2026-04-14T08:50:43","modified_gmt":"2026-04-14T07:50:43","slug":"o-nas","status":"publish","type":"page","link":"https:\/\/earth-flow.net\/lt\/o-nas\/","title":{"rendered":"O nas"},"content":{"rendered":"\t\t<div data-elementor-type=\"wp-page\" data-elementor-id=\"1086\" class=\"elementor elementor-1086\" data-elementor-post-type=\"page\">\n\t\t\t\t\t\t<section class=\"elementor-section elementor-top-section elementor-element elementor-element-dd8e6ee elementor-section-boxed elementor-section-height-default elementor-section-height-default\" data-id=\"dd8e6ee\" data-element_type=\"section\" data-e-type=\"section\">\n\t\t\t\t\t\t<div class=\"elementor-container elementor-column-gap-default\">\n\t\t\t\t\t<div class=\"elementor-column elementor-col-100 elementor-top-column elementor-element elementor-element-208975d\" data-id=\"208975d\" data-element_type=\"column\" data-e-type=\"column\">\n\t\t\t<div class=\"elementor-widget-wrap elementor-element-populated\">\n\t\t\t\t\t\t<div class=\"elementor-element elementor-element-7c903f0 elementor-widget elementor-widget-heading\" data-id=\"7c903f0\" data-element_type=\"widget\" data-e-type=\"widget\" data-widget_type=\"heading.default\">\n\t\t\t\t<div class=\"elementor-widget-container\">\n\t\t\t\t\t<h2 class=\"elementor-heading-title elementor-size-default\">O nas<\/h2>\t\t\t\t<\/div>\n\t\t\t\t<\/div>\n\t\t\t\t<section class=\"elementor-section elementor-inner-section elementor-element elementor-element-629f447 elementor-section-boxed elementor-section-height-default elementor-section-height-default\" data-id=\"629f447\" data-element_type=\"section\" data-e-type=\"section\">\n\t\t\t\t\t\t<div class=\"elementor-container elementor-column-gap-default\">\n\t\t\t\t\t<div class=\"elementor-column elementor-col-50 elementor-inner-column elementor-element elementor-element-4d3efea\" data-id=\"4d3efea\" data-element_type=\"column\" data-e-type=\"column\">\n\t\t\t<div class=\"elementor-widget-wrap elementor-element-populated\">\n\t\t\t\t\t\t<div class=\"elementor-element elementor-element-6c4a5e8 elementor-widget elementor-widget-text-editor\" data-id=\"6c4a5e8\" data-element_type=\"widget\" data-e-type=\"widget\" data-widget_type=\"text-editor.default\">\n\t\t\t\t<div class=\"elementor-widget-container\">\n\t\t\t\t\t\t\t\t\t<p><b>Sva Nadja in Nejc<\/b>, pri svojem delu se sre\u010dujeva z raznimi te\u017eavami ljudi. Ugotovila sva, da kljub vsem tehnikam je <b>narava <\/b>\u0161e vedno tista brez katere ne gre in ima mo\u010d, da \u010dloveka spravi v <b>ravnovesje<\/b>.<\/p><p><b>Nejc Volari\u010d <\/b>je podjetnik, predavatelj, avtor programov za osebnostno rast.<\/p><p>Njegovo poslanstvo je pomo\u010d dru\u017ebi do <b>dviga zavedanja in vi\u0161je vibracije<\/b>, kar pomeni do bolj\u0161ega fizi\u010dnega in psihi\u010dnega zdravja, ve\u010d veselja, lahkotnosti in sre\u010de. Naravi in \u017eivalim pa do harmoni\u010dnega in ljubeznivega bivanja s \u010dlovekom.<\/p><p><b>Nadja Ogrinc <\/b>(<a href=\"https:\/\/www.nadjaogrinc.com\" target=\"_blank\" rel=\"noopener\">www.nadjaogrinc.com<\/a>)\u00a0je raziskovalka \u017eivljenja in kreatorica druga\u010dne prihodnosti.<\/p><p>S svojim delom opolnomo\u010da ljudi, da <b>za\u017eivijo ve\u010d sebe<\/b> in si za\u010dnejo svoja \u017eivljenja ustvarjati na na\u010din, ki deluje zanje in gre onkraj vseh omejitev.<\/p><p><b>Je certificirana facilitatorica tehnike <\/b>Access Bars.<\/p>\t\t\t\t\t\t\t\t<\/div>\n\t\t\t\t<\/div>\n\t\t\t\t\t<\/div>\n\t\t<\/div>\n\t\t\t\t<div class=\"elementor-column elementor-col-50 elementor-inner-column elementor-element elementor-element-3a8ca23\" data-id=\"3a8ca23\" data-element_type=\"column\" data-e-type=\"column\">\n\t\t\t<div class=\"elementor-widget-wrap elementor-element-populated\">\n\t\t\t\t\t\t<div class=\"elementor-element elementor-element-b2b915c elementor-widget elementor-widget-image\" data-id=\"b2b915c\" data-element_type=\"widget\" data-e-type=\"widget\" data-widget_type=\"image.default\">\n\t\t\t\t<div class=\"elementor-widget-container\">\n\t\t\t\t\t\t\t\t\t\t\t\t\t\t\t<img fetchpriority=\"high\" decoding=\"async\" width=\"800\" height=\"607\" src=\"https:\/\/earth-flow.net\/lt\/wp-content\/uploads\/2021\/12\/Logo-na-rjuhi.jpg\" class=\"attachment-large size-large wp-image-900\" alt=\"Earth Flow, rjuha Nejc in Nadja\" srcset=\"https:\/\/earth-flow.net\/lt\/wp-content\/uploads\/2021\/12\/Logo-na-rjuhi.jpg 800w, https:\/\/earth-flow.net\/lt\/wp-content\/uploads\/2021\/12\/Logo-na-rjuhi-500x379.jpg 500w, https:\/\/earth-flow.net\/lt\/wp-content\/uploads\/2021\/12\/Logo-na-rjuhi-600x455.jpg 600w, https:\/\/earth-flow.net\/lt\/wp-content\/uploads\/2021\/12\/Logo-na-rjuhi-300x228.jpg 300w, https:\/\/earth-flow.net\/lt\/wp-content\/uploads\/2021\/12\/Logo-na-rjuhi-768x583.jpg 768w\" sizes=\"(max-width: 800px) 100vw, 800px\" \/>\t\t\t\t\t\t\t\t\t\t\t\t\t\t\t<\/div>\n\t\t\t\t<\/div>\n\t\t\t\t\t<\/div>\n\t\t<\/div>\n\t\t\t\t\t<\/div>\n\t\t<\/section>\n\t\t\t\t\t<\/div>\n\t\t<\/div>\n\t\t\t\t\t<\/div>\n\t\t<\/section>\n\t\t\t\t<\/div>\n\t\t","protected":false},"excerpt":{"rendered":"<p>O nas Sva Nadja in Nejc, pri svojem delu se sre\u010dujeva z raznimi te\u017eavami ljudi. Ugotovila sva, da kljub vsem tehnikam je narava \u0161e vedno tista brez katere ne gre in ima mo\u010d, da \u010dloveka spravi v ravnovesje. Nejc Volari\u010d je podjetnik, predavatelj, avtor programov za osebnostno rast. Njegovo poslanstvo je pomo\u010d dru\u017ebi do dviga [&hellip;]<\/p>\n","protected":false},"author":1,"featured_media":0,"parent":0,"menu_order":0,"comment_status":"closed","ping_status":"closed","template":"","meta":{"footnotes":""},"class_list":["post-1086","page","type-page","status-publish","hentry"],"yoast_head":"<!-- This site is optimized with the Yoast SEO plugin v27.4 - https:\/\/yoast.com\/product\/yoast-seo-wordpress\/ -->\n<title>O nas - Earth Flow \u2013 \u012e\u017eeminimo produktai, skirti atkurti ry\u0161\u012f su \u017dem\u0117s energija.<\/title>\n<meta name=\"robots\" content=\"index, follow, max-snippet:-1, max-image-preview:large, max-video-preview:-1\" \/>\n<link rel=\"canonical\" href=\"https:\/\/earth-flow.net\/lt\/o-nas\/\" \/>\n<meta property=\"og:locale\" content=\"lt_LT\" \/>\n<meta property=\"og:type\" content=\"article\" \/>\n<meta property=\"og:title\" content=\"O nas - Earth Flow \u2013 \u012e\u017eeminimo produktai, skirti atkurti ry\u0161\u012f su \u017dem\u0117s energija.\" \/>\n<meta property=\"og:description\" content=\"O nas Sva Nadja in Nejc, pri svojem delu se sre\u010dujeva z raznimi te\u017eavami ljudi. Ugotovila sva, da kljub vsem tehnikam je narava \u0161e vedno tista brez katere ne gre in ima mo\u010d, da \u010dloveka spravi v ravnovesje. Nejc Volari\u010d je podjetnik, predavatelj, avtor programov za osebnostno rast. Njegovo poslanstvo je pomo\u010d dru\u017ebi do dviga [&hellip;]\" \/>\n<meta property=\"og:url\" content=\"https:\/\/earth-flow.net\/lt\/o-nas\/\" \/>\n<meta property=\"og:site_name\" content=\"Earth Flow \u2013 \u012e\u017eeminimo produktai, skirti atkurti ry\u0161\u012f su \u017dem\u0117s energija.\" \/>\n<meta property=\"article:modified_time\" content=\"2026-04-14T07:50:43+00:00\" \/>\n<meta property=\"og:image\" content=\"https:\/\/earth-flow.net\/lt\/wp-content\/uploads\/2021\/12\/Logo-na-rjuhi.jpg\" \/>\n\t<meta property=\"og:image:width\" content=\"800\" \/>\n\t<meta property=\"og:image:height\" content=\"607\" \/>\n\t<meta property=\"og:image:type\" content=\"image\/jpeg\" \/>\n<meta name=\"twitter:card\" content=\"summary_large_image\" \/>\n<meta name=\"twitter:label1\" content=\"Est. reading time\" \/>\n\t<meta name=\"twitter:data1\" content=\"1 minut\u0117\" \/>\n<script type=\"application\/ld+json\" class=\"yoast-schema-graph\">{\"@context\":\"https:\\\/\\\/schema.org\",\"@graph\":[{\"@type\":\"WebPage\",\"@id\":\"https:\\\/\\\/earth-flow.net\\\/lt\\\/o-nas\\\/\",\"url\":\"https:\\\/\\\/earth-flow.net\\\/lt\\\/o-nas\\\/\",\"name\":\"O nas - Earth Flow \u2013 \u012e\u017eeminimo produktai, skirti atkurti ry\u0161\u012f su \u017dem\u0117s energija.\",\"isPartOf\":{\"@id\":\"https:\\\/\\\/earth-flow.net\\\/lt\\\/#website\"},\"primaryImageOfPage\":{\"@id\":\"https:\\\/\\\/earth-flow.net\\\/lt\\\/o-nas\\\/#primaryimage\"},\"image\":{\"@id\":\"https:\\\/\\\/earth-flow.net\\\/lt\\\/o-nas\\\/#primaryimage\"},\"thumbnailUrl\":\"https:\\\/\\\/earth-flow.net\\\/lt\\\/wp-content\\\/uploads\\\/2021\\\/12\\\/Logo-na-rjuhi.jpg\",\"datePublished\":\"2022-03-23T09:14:40+00:00\",\"dateModified\":\"2026-04-14T07:50:43+00:00\",\"breadcrumb\":{\"@id\":\"https:\\\/\\\/earth-flow.net\\\/lt\\\/o-nas\\\/#breadcrumb\"},\"inLanguage\":\"lt-LT\",\"potentialAction\":[{\"@type\":\"ReadAction\",\"target\":[\"https:\\\/\\\/earth-flow.net\\\/lt\\\/o-nas\\\/\"]}]},{\"@type\":\"ImageObject\",\"inLanguage\":\"lt-LT\",\"@id\":\"https:\\\/\\\/earth-flow.net\\\/lt\\\/o-nas\\\/#primaryimage\",\"url\":\"https:\\\/\\\/earth-flow.net\\\/lt\\\/wp-content\\\/uploads\\\/2021\\\/12\\\/Logo-na-rjuhi.jpg\",\"contentUrl\":\"https:\\\/\\\/earth-flow.net\\\/lt\\\/wp-content\\\/uploads\\\/2021\\\/12\\\/Logo-na-rjuhi.jpg\"},{\"@type\":\"BreadcrumbList\",\"@id\":\"https:\\\/\\\/earth-flow.net\\\/lt\\\/o-nas\\\/#breadcrumb\",\"itemListElement\":[{\"@type\":\"ListItem\",\"position\":1,\"name\":\"Home\",\"item\":\"https:\\\/\\\/earth-flow.net\\\/lt\\\/\"},{\"@type\":\"ListItem\",\"position\":2,\"name\":\"O nas\"}]},{\"@type\":\"WebSite\",\"@id\":\"https:\\\/\\\/earth-flow.net\\\/lt\\\/#website\",\"url\":\"https:\\\/\\\/earth-flow.net\\\/lt\\\/\",\"name\":\"Earth Flow \u2013 \u012e\u017eeminimo produktai, skirti atkurti ry\u0161\u012f su \u017dem\u0117s energija.\",\"description\":\"\u012e\u017eeminimo priemon\u0117s \u017emonijos ry\u0161iui su \u017dem\u0117s energija atkurti.\",\"publisher\":{\"@id\":\"https:\\\/\\\/earth-flow.net\\\/lt\\\/#organization\"},\"potentialAction\":[{\"@type\":\"SearchAction\",\"target\":{\"@type\":\"EntryPoint\",\"urlTemplate\":\"https:\\\/\\\/earth-flow.net\\\/lt\\\/?s={search_term_string}\"},\"query-input\":{\"@type\":\"PropertyValueSpecification\",\"valueRequired\":true,\"valueName\":\"search_term_string\"}}],\"inLanguage\":\"lt-LT\"},{\"@type\":\"Organization\",\"@id\":\"https:\\\/\\\/earth-flow.net\\\/lt\\\/#organization\",\"name\":\"Earth Flow \u2013 \u012e\u017eeminimo produktai, skirti atkurti ry\u0161\u012f su \u017dem\u0117s energija.\",\"url\":\"https:\\\/\\\/earth-flow.net\\\/lt\\\/\",\"logo\":{\"@type\":\"ImageObject\",\"inLanguage\":\"lt-LT\",\"@id\":\"https:\\\/\\\/earth-flow.net\\\/lt\\\/#\\\/schema\\\/logo\\\/image\\\/\",\"url\":\"https:\\\/\\\/earth-flow.net\\\/lt\\\/wp-content\\\/uploads\\\/2021\\\/04\\\/Earth-Flow_logo-lez\u030cec\u030ci-1_700px.png\",\"contentUrl\":\"https:\\\/\\\/earth-flow.net\\\/lt\\\/wp-content\\\/uploads\\\/2021\\\/04\\\/Earth-Flow_logo-lez\u030cec\u030ci-1_700px.png\",\"width\":700,\"height\":152,\"caption\":\"Earth Flow \u2013 \u012e\u017eeminimo produktai, skirti atkurti ry\u0161\u012f su \u017dem\u0117s energija.\"},\"image\":{\"@id\":\"https:\\\/\\\/earth-flow.net\\\/lt\\\/#\\\/schema\\\/logo\\\/image\\\/\"}}]}<\/script>\n<!-- \/ Yoast SEO plugin. -->","yoast_head_json":{"title":"O nas - Earth Flow \u2013 \u012e\u017eeminimo produktai, skirti atkurti ry\u0161\u012f su \u017dem\u0117s energija.","robots":{"index":"index","follow":"follow","max-snippet":"max-snippet:-1","max-image-preview":"max-image-preview:large","max-video-preview":"max-video-preview:-1"},"canonical":"https:\/\/earth-flow.net\/lt\/o-nas\/","og_locale":"lt_LT","og_type":"article","og_title":"O nas - Earth Flow \u2013 \u012e\u017eeminimo produktai, skirti atkurti ry\u0161\u012f su \u017dem\u0117s energija.","og_description":"O nas Sva Nadja in Nejc, pri svojem delu se sre\u010dujeva z raznimi te\u017eavami ljudi. Ugotovila sva, da kljub vsem tehnikam je narava \u0161e vedno tista brez katere ne gre in ima mo\u010d, da \u010dloveka spravi v ravnovesje. Nejc Volari\u010d je podjetnik, predavatelj, avtor programov za osebnostno rast. Njegovo poslanstvo je pomo\u010d dru\u017ebi do dviga [&hellip;]","og_url":"https:\/\/earth-flow.net\/lt\/o-nas\/","og_site_name":"Earth Flow \u2013 \u012e\u017eeminimo produktai, skirti atkurti ry\u0161\u012f su \u017dem\u0117s energija.","article_modified_time":"2026-04-14T07:50:43+00:00","og_image":[{"width":800,"height":607,"url":"https:\/\/earth-flow.net\/lt\/wp-content\/uploads\/2021\/12\/Logo-na-rjuhi.jpg","type":"image\/jpeg"}],"twitter_card":"summary_large_image","twitter_misc":{"Est. reading time":"1 minut\u0117"},"schema":{"@context":"https:\/\/schema.org","@graph":[{"@type":"WebPage","@id":"https:\/\/earth-flow.net\/lt\/o-nas\/","url":"https:\/\/earth-flow.net\/lt\/o-nas\/","name":"O nas - Earth Flow \u2013 \u012e\u017eeminimo produktai, skirti atkurti ry\u0161\u012f su \u017dem\u0117s energija.","isPartOf":{"@id":"https:\/\/earth-flow.net\/lt\/#website"},"primaryImageOfPage":{"@id":"https:\/\/earth-flow.net\/lt\/o-nas\/#primaryimage"},"image":{"@id":"https:\/\/earth-flow.net\/lt\/o-nas\/#primaryimage"},"thumbnailUrl":"https:\/\/earth-flow.net\/lt\/wp-content\/uploads\/2021\/12\/Logo-na-rjuhi.jpg","datePublished":"2022-03-23T09:14:40+00:00","dateModified":"2026-04-14T07:50:43+00:00","breadcrumb":{"@id":"https:\/\/earth-flow.net\/lt\/o-nas\/#breadcrumb"},"inLanguage":"lt-LT","potentialAction":[{"@type":"ReadAction","target":["https:\/\/earth-flow.net\/lt\/o-nas\/"]}]},{"@type":"ImageObject","inLanguage":"lt-LT","@id":"https:\/\/earth-flow.net\/lt\/o-nas\/#primaryimage","url":"https:\/\/earth-flow.net\/lt\/wp-content\/uploads\/2021\/12\/Logo-na-rjuhi.jpg","contentUrl":"https:\/\/earth-flow.net\/lt\/wp-content\/uploads\/2021\/12\/Logo-na-rjuhi.jpg"},{"@type":"BreadcrumbList","@id":"https:\/\/earth-flow.net\/lt\/o-nas\/#breadcrumb","itemListElement":[{"@type":"ListItem","position":1,"name":"Home","item":"https:\/\/earth-flow.net\/lt\/"},{"@type":"ListItem","position":2,"name":"O nas"}]},{"@type":"WebSite","@id":"https:\/\/earth-flow.net\/lt\/#website","url":"https:\/\/earth-flow.net\/lt\/","name":"Earth Flow \u2013 \u012e\u017eeminimo produktai, skirti atkurti ry\u0161\u012f su \u017dem\u0117s energija.","description":"\u012e\u017eeminimo priemon\u0117s \u017emonijos ry\u0161iui su \u017dem\u0117s energija atkurti.","publisher":{"@id":"https:\/\/earth-flow.net\/lt\/#organization"},"potentialAction":[{"@type":"SearchAction","target":{"@type":"EntryPoint","urlTemplate":"https:\/\/earth-flow.net\/lt\/?s={search_term_string}"},"query-input":{"@type":"PropertyValueSpecification","valueRequired":true,"valueName":"search_term_string"}}],"inLanguage":"lt-LT"},{"@type":"Organization","@id":"https:\/\/earth-flow.net\/lt\/#organization","name":"Earth Flow \u2013 \u012e\u017eeminimo produktai, skirti atkurti ry\u0161\u012f su \u017dem\u0117s energija.","url":"https:\/\/earth-flow.net\/lt\/","logo":{"@type":"ImageObject","inLanguage":"lt-LT","@id":"https:\/\/earth-flow.net\/lt\/#\/schema\/logo\/image\/","url":"https:\/\/earth-flow.net\/lt\/wp-content\/uploads\/2021\/04\/Earth-Flow_logo-lez\u030cec\u030ci-1_700px.png","contentUrl":"https:\/\/earth-flow.net\/lt\/wp-content\/uploads\/2021\/04\/Earth-Flow_logo-lez\u030cec\u030ci-1_700px.png","width":700,"height":152,"caption":"Earth Flow \u2013 \u012e\u017eeminimo produktai, skirti atkurti ry\u0161\u012f su \u017dem\u0117s energija."},"image":{"@id":"https:\/\/earth-flow.net\/lt\/#\/schema\/logo\/image\/"}}]}},"_links":{"self":[{"href":"https:\/\/earth-flow.net\/lt\/wp-json\/wp\/v2\/pages\/1086","targetHints":{"allow":["GET"]}}],"collection":[{"href":"https:\/\/earth-flow.net\/lt\/wp-json\/wp\/v2\/pages"}],"about":[{"href":"https:\/\/earth-flow.net\/lt\/wp-json\/wp\/v2\/types\/page"}],"author":[{"embeddable":true,"href":"https:\/\/earth-flow.net\/lt\/wp-json\/wp\/v2\/users\/1"}],"replies":[{"embeddable":true,"href":"https:\/\/earth-flow.net\/lt\/wp-json\/wp\/v2\/comments?post=1086"}],"version-history":[{"count":5,"href":"https:\/\/earth-flow.net\/lt\/wp-json\/wp\/v2\/pages\/1086\/revisions"}],"predecessor-version":[{"id":5735,"href":"https:\/\/earth-flow.net\/lt\/wp-json\/wp\/v2\/pages\/1086\/revisions\/5735"}],"wp:attachment":[{"href":"https:\/\/earth-flow.net\/lt\/wp-json\/wp\/v2\/media?parent=1086"}],"curies":[{"name":"wp","href":"https:\/\/api.w.org\/{rel}","templated":true}]}}