{"id":3136,"date":"2024-05-22T12:37:02","date_gmt":"2024-05-22T12:37:02","guid":{"rendered":"https:\/\/earth-flow.net\/gr\/?post_type=product&#038;p=3136"},"modified":"2026-01-02T11:44:22","modified_gmt":"2026-01-02T10:44:22","slug":"ozemljitvena-palica","status":"publish","type":"product","link":"https:\/\/earth-flow.net\/gr\/izdelek\/ozemljitvena-palica\/","title":{"rendered":"Ozemljitvena palica Earth Flow"},"content":{"rendered":"<p>Ozemljitveno palico uporabite, \u010de se \u017eelite ozemljiti direktno preko Zemlje (ne preko ozemljene vti\u010dnice). Torej kabel napeljete skozi okno ven, in palico zapi\u010dite direktno v Zemljo zraven hi\u0161e\/stavbe.<\/p>\n<p>Dol\u017eina kabla: 12 metrov.<\/p>\n","protected":false},"excerpt":{"rendered":"<p>Ozemljitveno palico uporabite, \u010de se \u017eelite ozemljiti direktno preko Zemlje (ne preko ozemljene vti\u010dnice). Torej kabel napeljete skozi okno ven, in palico zapi\u010dite direktno v Zemljo zraven hi\u0161e\/stavbe. Dol\u017eina kabla: 12 metrov.<\/p>\n","protected":false},"featured_media":3137,"template":"","meta":[],"product_brand":[],"product_cat":[49],"product_tag":[],"class_list":{"0":"post-3136","1":"product","2":"type-product","3":"status-publish","4":"has-post-thumbnail","6":"product_cat-ozemljitveni-dodatki","8":"first","9":"instock","10":"taxable","11":"shipping-taxable","12":"purchasable","13":"product-type-simple"},"yoast_head":"<!-- This site is optimized with the Yoast SEO plugin v27.4 - https:\/\/yoast.com\/product\/yoast-seo-wordpress\/ -->\n<title>Ozemljitvena palica Earth Flow - Earth Flow \u2013 \u03a0\u03c1\u03bf\u03ca\u03cc\u03bd\u03c4\u03b1 \u03b3\u03b5\u03af\u03c9\u03c3\u03b7\u03c2 \u03b3\u03b9\u03b1 \u03b5\u03c0\u03b1\u03bd\u03b1\u03c3\u03cd\u03bd\u03b4\u03b5\u03c3\u03b7 \u03bc\u03b5 \u03c4\u03b7\u03bd \u03b5\u03bd\u03ad\u03c1\u03b3\u03b5\u03b9\u03b1 \u03c4\u03b7\u03c2 \u0393\u03b7\u03c2.<\/title>\n<meta name=\"robots\" content=\"index, follow, max-snippet:-1, max-image-preview:large, max-video-preview:-1\" \/>\n<link rel=\"canonical\" href=\"https:\/\/earth-flow.net\/gr\/izdelek\/ozemljitvena-palica\/\" \/>\n<meta property=\"og:locale\" content=\"el_GR\" \/>\n<meta property=\"og:type\" content=\"article\" \/>\n<meta property=\"og:title\" content=\"Ozemljitvena palica Earth Flow - Earth Flow \u2013 \u03a0\u03c1\u03bf\u03ca\u03cc\u03bd\u03c4\u03b1 \u03b3\u03b5\u03af\u03c9\u03c3\u03b7\u03c2 \u03b3\u03b9\u03b1 \u03b5\u03c0\u03b1\u03bd\u03b1\u03c3\u03cd\u03bd\u03b4\u03b5\u03c3\u03b7 \u03bc\u03b5 \u03c4\u03b7\u03bd \u03b5\u03bd\u03ad\u03c1\u03b3\u03b5\u03b9\u03b1 \u03c4\u03b7\u03c2 \u0393\u03b7\u03c2.\" \/>\n<meta property=\"og:description\" content=\"Ozemljitveno palico uporabite, \u010de se \u017eelite ozemljiti direktno preko Zemlje (ne preko ozemljene vti\u010dnice). Torej kabel napeljete skozi okno ven, in palico zapi\u010dite direktno v Zemljo zraven hi\u0161e\/stavbe. Dol\u017eina kabla: 12 metrov.\" \/>\n<meta property=\"og:url\" content=\"https:\/\/earth-flow.net\/gr\/izdelek\/ozemljitvena-palica\/\" \/>\n<meta property=\"og:site_name\" content=\"Earth Flow \u2013 \u03a0\u03c1\u03bf\u03ca\u03cc\u03bd\u03c4\u03b1 \u03b3\u03b5\u03af\u03c9\u03c3\u03b7\u03c2 \u03b3\u03b9\u03b1 \u03b5\u03c0\u03b1\u03bd\u03b1\u03c3\u03cd\u03bd\u03b4\u03b5\u03c3\u03b7 \u03bc\u03b5 \u03c4\u03b7\u03bd \u03b5\u03bd\u03ad\u03c1\u03b3\u03b5\u03b9\u03b1 \u03c4\u03b7\u03c2 \u0393\u03b7\u03c2.\" \/>\n<meta property=\"article:modified_time\" content=\"2026-01-02T10:44:22+00:00\" \/>\n<meta property=\"og:image\" content=\"https:\/\/earth-flow.net\/gr\/wp-content\/uploads\/2024\/05\/Ozemljitvena-palica-Earth-Flow.jpg\" \/>\n\t<meta property=\"og:image:width\" content=\"1500\" \/>\n\t<meta property=\"og:image:height\" content=\"1500\" \/>\n\t<meta property=\"og:image:type\" content=\"image\/jpeg\" \/>\n<meta name=\"twitter:card\" content=\"summary_large_image\" \/>\n<meta name=\"twitter:label1\" content=\"\u0395\u03ba\u03c4\u03b9\u03bc\u03ce\u03bc\u03b5\u03bd\u03bf\u03c2 \u03c7\u03c1\u03cc\u03bd\u03bf\u03c2 \u03b1\u03bd\u03ac\u03b3\u03bd\u03c9\u03c3\u03b7\u03c2\" \/>\n\t<meta name=\"twitter:data1\" content=\"1 \u03bb\u03b5\u03c0\u03c4\u03cc\" \/>\n<script type=\"application\/ld+json\" class=\"yoast-schema-graph\">{\"@context\":\"https:\\\/\\\/schema.org\",\"@graph\":[{\"@type\":\"WebPage\",\"@id\":\"https:\\\/\\\/earth-flow.net\\\/gr\\\/izdelek\\\/ozemljitvena-palica\\\/\",\"url\":\"https:\\\/\\\/earth-flow.net\\\/gr\\\/izdelek\\\/ozemljitvena-palica\\\/\",\"name\":\"Ozemljitvena palica Earth Flow - Earth Flow \u2013 \u03a0\u03c1\u03bf\u03ca\u03cc\u03bd\u03c4\u03b1 \u03b3\u03b5\u03af\u03c9\u03c3\u03b7\u03c2 \u03b3\u03b9\u03b1 \u03b5\u03c0\u03b1\u03bd\u03b1\u03c3\u03cd\u03bd\u03b4\u03b5\u03c3\u03b7 \u03bc\u03b5 \u03c4\u03b7\u03bd \u03b5\u03bd\u03ad\u03c1\u03b3\u03b5\u03b9\u03b1 \u03c4\u03b7\u03c2 \u0393\u03b7\u03c2.\",\"isPartOf\":{\"@id\":\"https:\\\/\\\/earth-flow.net\\\/gr\\\/#website\"},\"primaryImageOfPage\":{\"@id\":\"https:\\\/\\\/earth-flow.net\\\/gr\\\/izdelek\\\/ozemljitvena-palica\\\/#primaryimage\"},\"image\":{\"@id\":\"https:\\\/\\\/earth-flow.net\\\/gr\\\/izdelek\\\/ozemljitvena-palica\\\/#primaryimage\"},\"thumbnailUrl\":\"https:\\\/\\\/earth-flow.net\\\/gr\\\/wp-content\\\/uploads\\\/2024\\\/05\\\/Ozemljitvena-palica-Earth-Flow.jpg\",\"datePublished\":\"2024-05-22T12:37:02+00:00\",\"dateModified\":\"2026-01-02T10:44:22+00:00\",\"breadcrumb\":{\"@id\":\"https:\\\/\\\/earth-flow.net\\\/gr\\\/izdelek\\\/ozemljitvena-palica\\\/#breadcrumb\"},\"inLanguage\":\"el\",\"potentialAction\":[{\"@type\":\"ReadAction\",\"target\":[\"https:\\\/\\\/earth-flow.net\\\/gr\\\/izdelek\\\/ozemljitvena-palica\\\/\"]}]},{\"@type\":\"ImageObject\",\"inLanguage\":\"el\",\"@id\":\"https:\\\/\\\/earth-flow.net\\\/gr\\\/izdelek\\\/ozemljitvena-palica\\\/#primaryimage\",\"url\":\"https:\\\/\\\/earth-flow.net\\\/gr\\\/wp-content\\\/uploads\\\/2024\\\/05\\\/Ozemljitvena-palica-Earth-Flow.jpg\",\"contentUrl\":\"https:\\\/\\\/earth-flow.net\\\/gr\\\/wp-content\\\/uploads\\\/2024\\\/05\\\/Ozemljitvena-palica-Earth-Flow.jpg\",\"width\":1500,\"height\":1500,\"caption\":\"Ozemljitvena palica Earth Flow\"},{\"@type\":\"BreadcrumbList\",\"@id\":\"https:\\\/\\\/earth-flow.net\\\/gr\\\/izdelek\\\/ozemljitvena-palica\\\/#breadcrumb\",\"itemListElement\":[{\"@type\":\"ListItem\",\"position\":1,\"name\":\"Home\",\"item\":\"https:\\\/\\\/earth-flow.net\\\/gr\\\/\"},{\"@type\":\"ListItem\",\"position\":2,\"name\":\"Trgovina\",\"item\":\"https:\\\/\\\/earth-flow.net\\\/gr\\\/trgovina\\\/\"},{\"@type\":\"ListItem\",\"position\":3,\"name\":\"Ozemljitvena palica Earth Flow\"}]},{\"@type\":\"WebSite\",\"@id\":\"https:\\\/\\\/earth-flow.net\\\/gr\\\/#website\",\"url\":\"https:\\\/\\\/earth-flow.net\\\/gr\\\/\",\"name\":\"Earth Flow \u2013 \u03a0\u03c1\u03bf\u03ca\u03cc\u03bd\u03c4\u03b1 \u03b3\u03b5\u03af\u03c9\u03c3\u03b7\u03c2 \u03b3\u03b9\u03b1 \u03b5\u03c0\u03b1\u03bd\u03b1\u03c3\u03cd\u03bd\u03b4\u03b5\u03c3\u03b7 \u03bc\u03b5 \u03c4\u03b7\u03bd \u03b5\u03bd\u03ad\u03c1\u03b3\u03b5\u03b9\u03b1 \u03c4\u03b7\u03c2 \u0393\u03b7\u03c2.\",\"description\":\"\u03a0\u03c1\u03bf\u03ca\u03cc\u03bd\u03c4\u03b1 \u03b3\u03b5\u03af\u03c9\u03c3\u03b7\u03c2 \u03b3\u03b9\u03b1 \u03c4\u03b7\u03bd \u03b5\u03c0\u03b1\u03bd\u03b1\u03c3\u03cd\u03bd\u03b4\u03b5\u03c3\u03b7 \u03c4\u03b7\u03c2 \u03b1\u03bd\u03b8\u03c1\u03c9\u03c0\u03cc\u03c4\u03b7\u03c4\u03b1\u03c2 \u03bc\u03b5 \u03c4\u03b7\u03bd \u03b5\u03bd\u03ad\u03c1\u03b3\u03b5\u03b9\u03b1 \u03c4\u03b7\u03c2 \u0393\u03b7\u03c2.\",\"publisher\":{\"@id\":\"https:\\\/\\\/earth-flow.net\\\/gr\\\/#organization\"},\"potentialAction\":[{\"@type\":\"SearchAction\",\"target\":{\"@type\":\"EntryPoint\",\"urlTemplate\":\"https:\\\/\\\/earth-flow.net\\\/gr\\\/?s={search_term_string}\"},\"query-input\":{\"@type\":\"PropertyValueSpecification\",\"valueRequired\":true,\"valueName\":\"search_term_string\"}}],\"inLanguage\":\"el\"},{\"@type\":\"Organization\",\"@id\":\"https:\\\/\\\/earth-flow.net\\\/gr\\\/#organization\",\"name\":\"Earth Flow \u2013 \u03a0\u03c1\u03bf\u03ca\u03cc\u03bd\u03c4\u03b1 \u03b3\u03b5\u03af\u03c9\u03c3\u03b7\u03c2 \u03b3\u03b9\u03b1 \u03b5\u03c0\u03b1\u03bd\u03b1\u03c3\u03cd\u03bd\u03b4\u03b5\u03c3\u03b7 \u03bc\u03b5 \u03c4\u03b7\u03bd \u03b5\u03bd\u03ad\u03c1\u03b3\u03b5\u03b9\u03b1 \u03c4\u03b7\u03c2 \u0393\u03b7\u03c2.\",\"url\":\"https:\\\/\\\/earth-flow.net\\\/gr\\\/\",\"logo\":{\"@type\":\"ImageObject\",\"inLanguage\":\"el\",\"@id\":\"https:\\\/\\\/earth-flow.net\\\/gr\\\/#\\\/schema\\\/logo\\\/image\\\/\",\"url\":\"https:\\\/\\\/earth-flow.net\\\/gr\\\/wp-content\\\/uploads\\\/2021\\\/04\\\/Earth-Flow_logo-lez\u030cec\u030ci-1_700px.png\",\"contentUrl\":\"https:\\\/\\\/earth-flow.net\\\/gr\\\/wp-content\\\/uploads\\\/2021\\\/04\\\/Earth-Flow_logo-lez\u030cec\u030ci-1_700px.png\",\"width\":700,\"height\":152,\"caption\":\"Earth Flow \u2013 \u03a0\u03c1\u03bf\u03ca\u03cc\u03bd\u03c4\u03b1 \u03b3\u03b5\u03af\u03c9\u03c3\u03b7\u03c2 \u03b3\u03b9\u03b1 \u03b5\u03c0\u03b1\u03bd\u03b1\u03c3\u03cd\u03bd\u03b4\u03b5\u03c3\u03b7 \u03bc\u03b5 \u03c4\u03b7\u03bd \u03b5\u03bd\u03ad\u03c1\u03b3\u03b5\u03b9\u03b1 \u03c4\u03b7\u03c2 \u0393\u03b7\u03c2.\"},\"image\":{\"@id\":\"https:\\\/\\\/earth-flow.net\\\/gr\\\/#\\\/schema\\\/logo\\\/image\\\/\"}}]}<\/script>\n<!-- \/ Yoast SEO plugin. -->","yoast_head_json":{"title":"Ozemljitvena palica Earth Flow - Earth Flow \u2013 \u03a0\u03c1\u03bf\u03ca\u03cc\u03bd\u03c4\u03b1 \u03b3\u03b5\u03af\u03c9\u03c3\u03b7\u03c2 \u03b3\u03b9\u03b1 \u03b5\u03c0\u03b1\u03bd\u03b1\u03c3\u03cd\u03bd\u03b4\u03b5\u03c3\u03b7 \u03bc\u03b5 \u03c4\u03b7\u03bd \u03b5\u03bd\u03ad\u03c1\u03b3\u03b5\u03b9\u03b1 \u03c4\u03b7\u03c2 \u0393\u03b7\u03c2.","robots":{"index":"index","follow":"follow","max-snippet":"max-snippet:-1","max-image-preview":"max-image-preview:large","max-video-preview":"max-video-preview:-1"},"canonical":"https:\/\/earth-flow.net\/gr\/izdelek\/ozemljitvena-palica\/","og_locale":"el_GR","og_type":"article","og_title":"Ozemljitvena palica Earth Flow - Earth Flow \u2013 \u03a0\u03c1\u03bf\u03ca\u03cc\u03bd\u03c4\u03b1 \u03b3\u03b5\u03af\u03c9\u03c3\u03b7\u03c2 \u03b3\u03b9\u03b1 \u03b5\u03c0\u03b1\u03bd\u03b1\u03c3\u03cd\u03bd\u03b4\u03b5\u03c3\u03b7 \u03bc\u03b5 \u03c4\u03b7\u03bd \u03b5\u03bd\u03ad\u03c1\u03b3\u03b5\u03b9\u03b1 \u03c4\u03b7\u03c2 \u0393\u03b7\u03c2.","og_description":"Ozemljitveno palico uporabite, \u010de se \u017eelite ozemljiti direktno preko Zemlje (ne preko ozemljene vti\u010dnice). Torej kabel napeljete skozi okno ven, in palico zapi\u010dite direktno v Zemljo zraven hi\u0161e\/stavbe. Dol\u017eina kabla: 12 metrov.","og_url":"https:\/\/earth-flow.net\/gr\/izdelek\/ozemljitvena-palica\/","og_site_name":"Earth Flow \u2013 \u03a0\u03c1\u03bf\u03ca\u03cc\u03bd\u03c4\u03b1 \u03b3\u03b5\u03af\u03c9\u03c3\u03b7\u03c2 \u03b3\u03b9\u03b1 \u03b5\u03c0\u03b1\u03bd\u03b1\u03c3\u03cd\u03bd\u03b4\u03b5\u03c3\u03b7 \u03bc\u03b5 \u03c4\u03b7\u03bd \u03b5\u03bd\u03ad\u03c1\u03b3\u03b5\u03b9\u03b1 \u03c4\u03b7\u03c2 \u0393\u03b7\u03c2.","article_modified_time":"2026-01-02T10:44:22+00:00","og_image":[{"width":1500,"height":1500,"url":"https:\/\/earth-flow.net\/gr\/wp-content\/uploads\/2024\/05\/Ozemljitvena-palica-Earth-Flow.jpg","type":"image\/jpeg"}],"twitter_card":"summary_large_image","twitter_misc":{"\u0395\u03ba\u03c4\u03b9\u03bc\u03ce\u03bc\u03b5\u03bd\u03bf\u03c2 \u03c7\u03c1\u03cc\u03bd\u03bf\u03c2 \u03b1\u03bd\u03ac\u03b3\u03bd\u03c9\u03c3\u03b7\u03c2":"1 \u03bb\u03b5\u03c0\u03c4\u03cc"},"schema":{"@context":"https:\/\/schema.org","@graph":[{"@type":"WebPage","@id":"https:\/\/earth-flow.net\/gr\/izdelek\/ozemljitvena-palica\/","url":"https:\/\/earth-flow.net\/gr\/izdelek\/ozemljitvena-palica\/","name":"Ozemljitvena palica Earth Flow - Earth Flow \u2013 \u03a0\u03c1\u03bf\u03ca\u03cc\u03bd\u03c4\u03b1 \u03b3\u03b5\u03af\u03c9\u03c3\u03b7\u03c2 \u03b3\u03b9\u03b1 \u03b5\u03c0\u03b1\u03bd\u03b1\u03c3\u03cd\u03bd\u03b4\u03b5\u03c3\u03b7 \u03bc\u03b5 \u03c4\u03b7\u03bd \u03b5\u03bd\u03ad\u03c1\u03b3\u03b5\u03b9\u03b1 \u03c4\u03b7\u03c2 \u0393\u03b7\u03c2.","isPartOf":{"@id":"https:\/\/earth-flow.net\/gr\/#website"},"primaryImageOfPage":{"@id":"https:\/\/earth-flow.net\/gr\/izdelek\/ozemljitvena-palica\/#primaryimage"},"image":{"@id":"https:\/\/earth-flow.net\/gr\/izdelek\/ozemljitvena-palica\/#primaryimage"},"thumbnailUrl":"https:\/\/earth-flow.net\/gr\/wp-content\/uploads\/2024\/05\/Ozemljitvena-palica-Earth-Flow.jpg","datePublished":"2024-05-22T12:37:02+00:00","dateModified":"2026-01-02T10:44:22+00:00","breadcrumb":{"@id":"https:\/\/earth-flow.net\/gr\/izdelek\/ozemljitvena-palica\/#breadcrumb"},"inLanguage":"el","potentialAction":[{"@type":"ReadAction","target":["https:\/\/earth-flow.net\/gr\/izdelek\/ozemljitvena-palica\/"]}]},{"@type":"ImageObject","inLanguage":"el","@id":"https:\/\/earth-flow.net\/gr\/izdelek\/ozemljitvena-palica\/#primaryimage","url":"https:\/\/earth-flow.net\/gr\/wp-content\/uploads\/2024\/05\/Ozemljitvena-palica-Earth-Flow.jpg","contentUrl":"https:\/\/earth-flow.net\/gr\/wp-content\/uploads\/2024\/05\/Ozemljitvena-palica-Earth-Flow.jpg","width":1500,"height":1500,"caption":"Ozemljitvena palica Earth Flow"},{"@type":"BreadcrumbList","@id":"https:\/\/earth-flow.net\/gr\/izdelek\/ozemljitvena-palica\/#breadcrumb","itemListElement":[{"@type":"ListItem","position":1,"name":"Home","item":"https:\/\/earth-flow.net\/gr\/"},{"@type":"ListItem","position":2,"name":"Trgovina","item":"https:\/\/earth-flow.net\/gr\/trgovina\/"},{"@type":"ListItem","position":3,"name":"Ozemljitvena palica Earth Flow"}]},{"@type":"WebSite","@id":"https:\/\/earth-flow.net\/gr\/#website","url":"https:\/\/earth-flow.net\/gr\/","name":"Earth Flow \u2013 \u03a0\u03c1\u03bf\u03ca\u03cc\u03bd\u03c4\u03b1 \u03b3\u03b5\u03af\u03c9\u03c3\u03b7\u03c2 \u03b3\u03b9\u03b1 \u03b5\u03c0\u03b1\u03bd\u03b1\u03c3\u03cd\u03bd\u03b4\u03b5\u03c3\u03b7 \u03bc\u03b5 \u03c4\u03b7\u03bd \u03b5\u03bd\u03ad\u03c1\u03b3\u03b5\u03b9\u03b1 \u03c4\u03b7\u03c2 \u0393\u03b7\u03c2.","description":"\u03a0\u03c1\u03bf\u03ca\u03cc\u03bd\u03c4\u03b1 \u03b3\u03b5\u03af\u03c9\u03c3\u03b7\u03c2 \u03b3\u03b9\u03b1 \u03c4\u03b7\u03bd \u03b5\u03c0\u03b1\u03bd\u03b1\u03c3\u03cd\u03bd\u03b4\u03b5\u03c3\u03b7 \u03c4\u03b7\u03c2 \u03b1\u03bd\u03b8\u03c1\u03c9\u03c0\u03cc\u03c4\u03b7\u03c4\u03b1\u03c2 \u03bc\u03b5 \u03c4\u03b7\u03bd \u03b5\u03bd\u03ad\u03c1\u03b3\u03b5\u03b9\u03b1 \u03c4\u03b7\u03c2 \u0393\u03b7\u03c2.","publisher":{"@id":"https:\/\/earth-flow.net\/gr\/#organization"},"potentialAction":[{"@type":"SearchAction","target":{"@type":"EntryPoint","urlTemplate":"https:\/\/earth-flow.net\/gr\/?s={search_term_string}"},"query-input":{"@type":"PropertyValueSpecification","valueRequired":true,"valueName":"search_term_string"}}],"inLanguage":"el"},{"@type":"Organization","@id":"https:\/\/earth-flow.net\/gr\/#organization","name":"Earth Flow \u2013 \u03a0\u03c1\u03bf\u03ca\u03cc\u03bd\u03c4\u03b1 \u03b3\u03b5\u03af\u03c9\u03c3\u03b7\u03c2 \u03b3\u03b9\u03b1 \u03b5\u03c0\u03b1\u03bd\u03b1\u03c3\u03cd\u03bd\u03b4\u03b5\u03c3\u03b7 \u03bc\u03b5 \u03c4\u03b7\u03bd \u03b5\u03bd\u03ad\u03c1\u03b3\u03b5\u03b9\u03b1 \u03c4\u03b7\u03c2 \u0393\u03b7\u03c2.","url":"https:\/\/earth-flow.net\/gr\/","logo":{"@type":"ImageObject","inLanguage":"el","@id":"https:\/\/earth-flow.net\/gr\/#\/schema\/logo\/image\/","url":"https:\/\/earth-flow.net\/gr\/wp-content\/uploads\/2021\/04\/Earth-Flow_logo-lez\u030cec\u030ci-1_700px.png","contentUrl":"https:\/\/earth-flow.net\/gr\/wp-content\/uploads\/2021\/04\/Earth-Flow_logo-lez\u030cec\u030ci-1_700px.png","width":700,"height":152,"caption":"Earth Flow \u2013 \u03a0\u03c1\u03bf\u03ca\u03cc\u03bd\u03c4\u03b1 \u03b3\u03b5\u03af\u03c9\u03c3\u03b7\u03c2 \u03b3\u03b9\u03b1 \u03b5\u03c0\u03b1\u03bd\u03b1\u03c3\u03cd\u03bd\u03b4\u03b5\u03c3\u03b7 \u03bc\u03b5 \u03c4\u03b7\u03bd \u03b5\u03bd\u03ad\u03c1\u03b3\u03b5\u03b9\u03b1 \u03c4\u03b7\u03c2 \u0393\u03b7\u03c2."},"image":{"@id":"https:\/\/earth-flow.net\/gr\/#\/schema\/logo\/image\/"}}]}},"_links":{"self":[{"href":"https:\/\/earth-flow.net\/gr\/wp-json\/wp\/v2\/product\/3136","targetHints":{"allow":["GET"]}}],"collection":[{"href":"https:\/\/earth-flow.net\/gr\/wp-json\/wp\/v2\/product"}],"about":[{"href":"https:\/\/earth-flow.net\/gr\/wp-json\/wp\/v2\/types\/product"}],"version-history":[{"count":0,"href":"https:\/\/earth-flow.net\/gr\/wp-json\/wp\/v2\/product\/3136\/revisions"}],"wp:featuredmedia":[{"embeddable":true,"href":"https:\/\/earth-flow.net\/gr\/wp-json\/wp\/v2\/media\/3137"}],"wp:attachment":[{"href":"https:\/\/earth-flow.net\/gr\/wp-json\/wp\/v2\/media?parent=3136"}],"wp:term":[{"taxonomy":"product_brand","embeddable":true,"href":"https:\/\/earth-flow.net\/gr\/wp-json\/wp\/v2\/product_brand?post=3136"},{"taxonomy":"product_cat","embeddable":true,"href":"https:\/\/earth-flow.net\/gr\/wp-json\/wp\/v2\/product_cat?post=3136"},{"taxonomy":"product_tag","embeddable":true,"href":"https:\/\/earth-flow.net\/gr\/wp-json\/wp\/v2\/product_tag?post=3136"}],"curies":[{"name":"wp","href":"https:\/\/api.w.org\/{rel}","templated":true}]}}